{"id":35284,"date":"2018-05-28T09:12:21","date_gmt":"2018-05-28T07:12:21","guid":{"rendered":"https:\/\/www.beeduty.com\/?page_id=35284"},"modified":"2025-02-25T12:20:19","modified_gmt":"2025-02-25T11:20:19","slug":"politique-de-confidentialite","status":"publish","type":"page","link":"https:\/\/www.beeduty.com\/fr\/politique-de-confidentialite\/","title":{"rendered":"Politique de confidentialit\u00e9"},"content":{"rendered":"<p data-pm-slice=\"1 1 []\">Cette page d\u00e9crit les m\u00e9thodes et principes de traitement des donn\u00e9es personnelles des utilisateurs (ci-apr\u00e8s \u00e9galement appel\u00e9s \u00ab Utilisateurs \u00bb) qui naviguent sur le site web <a>www.beeduty.com<\/a> (ci-apr\u00e8s \u00e9galement appel\u00e9 \u00ab Site \u00bb). Cette d\u00e9claration de confidentialit\u00e9 est fournie conform\u00e9ment \u00e0 l&#8217;article 13 du **RGPD n\u00b0 679\/2016** et du **D\u00e9cret l\u00e9gislatif 196\/2003** (Code de protection des donn\u00e9es personnelles) \u00e0 tous les Utilisateurs qui, en interagissant avec le Site, fournissent leurs donn\u00e9es personnelles \u00e0 **BEEDUTY**.  <\/p>\n<p>La validit\u00e9 des informations contenues sur cette page est limit\u00e9e exclusivement au Site et ne s&#8217;\u00e9tend pas aux autres sites accessibles via des hyperliens.  <\/p>\n<p>Le responsable du traitement des donn\u00e9es collect\u00e9es est : **BT Consulting S.r.l.**, ayant son si\u00e8ge social \u00e0 **Via Viani, 15 24026 Leffe (BG)** \u2013 Code fiscal et num\u00e9ro de TVA : **04503440168** (ci-apr\u00e8s \u00ab **Responsable du traitement** \u00bb), qui peut \u00eatre contact\u00e9 \u00e0 l&#8217;adresse e-mail [email].  <\/p>\n<p>Le traitement des donn\u00e9es li\u00e9es au **formulaire de demande d\u2019information** a lieu au si\u00e8ge de l\u2019entreprise et est effectu\u00e9 \u00e0 l\u2019aide d\u2019outils \u00e9lectroniques, avec l\u2019adoption de mesures de s\u00e9curit\u00e9 appropri\u00e9es, par le personnel d\u00e9sign\u00e9 pour le traitement.<\/p>\n<h2>Types de donn\u00e9es, finalit\u00e9s du traitement et bases l\u00e9gales<\/h2>\n<p data-pm-slice=\"1 1 []\">Toutes les donn\u00e9es personnelles fournies via le Site seront trait\u00e9es de mani\u00e8re licite et loyale afin de fournir les services demand\u00e9s et de r\u00e9pondre aux demandes et communications des Utilisateurs, toujours dans le respect des objectifs institutionnels du Responsable du traitement.<\/p>\n<ol>\n<li data-pm-slice=\"1 1 []\"><strong>Donn\u00e9es fournies volontairement<\/strong><br \/>\n \tLes utilisateurs peuvent envoyer des demandes et des communications via les coordonn\u00e9es fournies sur le Site. La fourniture de ces donn\u00e9es n\u2019est pas obligatoire, mais elle est n\u00e9cessaire pour r\u00e9pondre aux demandes soumises, fournir un retour d&#8217;information et contacter l\u2019exp\u00e9diteur pour d\u2019\u00e9ventuelles clarifications.<br \/>\n \tPar cons\u00e9quent, si l\u2019Utilisateur (personne concern\u00e9e) souhaite \u00e9viter que ses donn\u00e9es personnelles ne soient trait\u00e9es par le Responsable du traitement, il est conseill\u00e9 de ne soumettre aucune demande ou de fournir le **minimum de donn\u00e9es personnelles possible** (par exemple, en cas d\u2019envoi d\u2019un e-mail).<br \/>\n \tLes donn\u00e9es collect\u00e9es \u00e0 cette fin comprennent **nom, pr\u00e9nom, e-mail et num\u00e9ro de t\u00e9l\u00e9phone**.<br \/>\n \tLe traitement de ces donn\u00e9es repose sur des **mesures pr\u00e9contractuelles ou contractuelles conform\u00e9ment \u00e0 l\u2019article 6(1)(b) du RGPD**.<\/li>\n<li data-pm-slice=\"1 1 []\"><strong>Donn\u00e9es fournies par la personne concern\u00e9e pour la prestation du service<\/strong><br \/>\n \tPar le biais de l\u2019inscription et de l\u2019activation du service, la fourniture de ces donn\u00e9es est n\u00e9cessaire \u00e0 la prestation du service (voir **Conditions g\u00e9n\u00e9rales**).<br \/>\n \tLe d\u00e9faut de fournir les donn\u00e9es requises emp\u00eachera la prestation du service demand\u00e9 et le respect des obligations l\u00e9gales associ\u00e9es au service fourni (ex. obligations administratives, comptables, etc.).<br \/>\n \tLe traitement de ces donn\u00e9es repose sur des **mesures pr\u00e9contractuelles ou contractuelles et le respect des obligations l\u00e9gales li\u00e9es \u00e0 l&#8217;ex\u00e9cution du contrat (article 6(1)(b)(c) du RGPD)**.<\/li>\n<li data-pm-slice=\"1 1 []\"><strong>Donn\u00e9es de navigation<\/strong><br \/>\n \tCette cat\u00e9gorie comprend **les adresses IP ou les noms de domaine** des ordinateurs utilis\u00e9s par les Utilisateurs acc\u00e9dant au Site, **les adresses en notation URI (Uniform Resource Identifier)** des ressources demand\u00e9es, **les horaires des requ\u00eates**, **les m\u00e9thodes utilis\u00e9es pour soumettre les requ\u00eates au serveur**, **la taille des fichiers obtenus en r\u00e9ponse**, **les codes num\u00e9riques indiquant l&#8217;\u00e9tat de la r\u00e9ponse du serveur** (succ\u00e8s, erreur, etc.) et d&#8217;autres param\u00e8tres li\u00e9s au syst\u00e8me d&#8217;exploitation et \u00e0 l&#8217;environnement informatique de l&#8217;Utilisateur.<br \/>\n \tLes donn\u00e9es de navigation ne sont pas collect\u00e9es dans le but d\u2019identifier les Utilisateurs, mais uniquement pour **obtenir des informations statistiques anonymes sur l&#8217;utilisation du Site**, pour **v\u00e9rifier le bon fonctionnement des syst\u00e8mes informatiques** et, si n\u00e9cessaire, pour **d\u00e9terminer les responsabilit\u00e9s en cas de cyberattaques** ou de dommages caus\u00e9s au Responsable du traitement ou \u00e0 des tiers.<br \/>\n \tSi un comportement ill\u00e9gal est d\u00e9tect\u00e9, il peut \u00eatre n\u00e9cessaire d\u2019identifier l\u2019auteur afin de **d\u00e9fendre un droit en justice**, soit pour le Responsable du traitement, soit pour un tiers (y compris la personne concern\u00e9e) conform\u00e9ment \u00e0 **l&#8217;article 6(1)(f) du RGPD**, ou \u00e0 la demande des **autorit\u00e9s judiciaires ou des forces de l\u2019ordre**.<\/li>\n<li data-pm-slice=\"1 1 []\"><strong>Donn\u00e9es fournies pour l\u2019abonnement \u00e0 la newsletter<\/strong><br \/>\n \tEn s\u2019inscrivant \u00e0 la newsletter, la fourniture de ces donn\u00e9es est facultative mais n\u00e9cessaire pour **recevoir des informations et des mises \u00e0 jour**.<br \/>\n \tLe d\u00e9faut de fournir ces donn\u00e9es emp\u00eachera la r\u00e9ception de la newsletter.<br \/>\n \tL\u2019abonnement peut \u00eatre annul\u00e9 \u00e0 tout moment via le lien inclus dans chaque e-mail re\u00e7u.<br \/>\n \tLes donn\u00e9es collect\u00e9es \u00e0 cette fin comprennent **nom, pr\u00e9nom et e-mail**.<br \/>\n \tLe traitement de ces donn\u00e9es repose sur des **mesures pr\u00e9contractuelles ou contractuelles conform\u00e9ment \u00e0 l\u2019article 6(1)(b) du RGPD**.<\/li>\n<li data-pm-slice=\"1 1 []\"><strong>Interactions bas\u00e9es sur la localisation<\/strong><br \/>\n \tG\u00e9olocalisation non continue, donn\u00e9es utilis\u00e9es : **localisation g\u00e9ographique**.<br \/>\n \tLe traitement de ces donn\u00e9es repose sur **le consentement de la personne concern\u00e9e conform\u00e9ment \u00e0 l&#8217;article 6(1)(a) du RGPD**.<br \/>\n \tLe refus n\u2019a aucune cons\u00e9quence, sauf l&#8217;impossibilit\u00e9 d&#8217;interagir avec les informations ou services propos\u00e9s via l&#8217;Application en fonction de la localisation de l&#8217;Utilisateur.<\/li>\n<li data-pm-slice=\"1 1 []\"><strong>Affichage de contenus provenant de plateformes externes<\/strong><br \/>\n \tGoogle Maps Widget, YouTube Video Widget et Google Fonts, donn\u00e9es utilis\u00e9es : **cookies et donn\u00e9es d&#8217;utilisation**.<br \/>\n \tLe traitement de ces donn\u00e9es repose sur **le consentement de la personne concern\u00e9e conform\u00e9ment \u00e0 l&#8217;article 6(1)(a) du RGPD**.<br \/>\n \tLe refus n\u2019a aucune cons\u00e9quence, sauf l&#8217;impossibilit\u00e9 d&#8217;afficher des contenus provenant de plateformes externes.<\/li>\n<\/ol>\n<h2>Divulgation, communication et transfert des donn\u00e9es<\/h2>\n<p>Les donn\u00e9es personnelles ne seront pas divulgu\u00e9es et pourront \u00eatre communiqu\u00e9es uniquement aux **autorit\u00e9s comp\u00e9tentes ou entit\u00e9s publiques\/priv\u00e9es** pour se conformer aux obligations l\u00e9gales.<br \/>\nDe plus, elles pourront \u00eatre communiqu\u00e9es aux soci\u00e9t\u00e9s ou professionnels engag\u00e9s par le Responsable du traitement pour prot\u00e9ger ses droits (ex. comptables, avocats, experts fiscaux).<br \/>\nLes donn\u00e9es personnelles ne seront **pas transf\u00e9r\u00e9es en dehors de l&#8217;UE ou de l&#8217;Espace \u00e9conomique europ\u00e9en (EEE)**.<\/p>\n<h2>Dur\u00e9e de conservation des donn\u00e9es<\/h2>\n<p>La dur\u00e9e de conservation d\u00e9pend des finalit\u00e9s du traitement. Les crit\u00e8res incluent :<\/p>\n<ul>\n<li>La gestion de la relation contractuelle avec l\u2019Utilisateur,<\/li>\n<li>Le traitement des r\u00e9clamations ou demandes sp\u00e9cifiques,<\/li>\n<li>L&#8217;exercice des droits en justice,<\/li>\n<li>Le respect des obligations l\u00e9gales (ex. d\u00e9lais de prescription).<\/li>\n<\/ul>\n<h2>Droits de l\u2019Utilisateur<\/h2>\n<p>L\u2019Utilisateur peut exercer les **droits pr\u00e9vus aux articles 15 \u00e0 22 et 77 du RGPD**, notamment :<\/p>\n<ul>\n<li>Droit d\u2019acc\u00e8s,<\/li>\n<li>Droit de rectification,<\/li>\n<li>Droit \u00e0 l\u2019effacement,<\/li>\n<li>Droit d\u2019opposition,<\/li>\n<li>Droit de d\u00e9poser une r\u00e9clamation aupr\u00e8s d\u2019une autorit\u00e9 de contr\u00f4le.<\/li>\n<\/ul>\n<p>Les demandes doivent \u00eatre envoy\u00e9es \u00e0 <a>app@beeduty.com<\/a>.<\/p>\n","protected":false},"excerpt":{"rendered":"<p>Cette page d\u00e9crit les m\u00e9thodes et principes de traitement des donn\u00e9es personnelles des utilisateurs (ci-apr\u00e8s \u00e9galement appel\u00e9s \u00ab Utilisateurs \u00bb) qui naviguent sur le site web www.beeduty.com (ci-apr\u00e8s \u00e9galement appel\u00e9 \u00ab Site \u00bb). Cette d\u00e9claration de confidentialit\u00e9 est fournie conform\u00e9ment \u00e0 l&#8217;article 13 du **RGPD n\u00b0 679\/2016** et du **D\u00e9cret l\u00e9gislatif 196\/2003** (Code de protection [&hellip;]<\/p>\n","protected":false},"author":2,"featured_media":0,"parent":0,"menu_order":0,"comment_status":"closed","ping_status":"closed","template":"page-templates\/page-sidebar-none.php","meta":{"footnotes":""},"class_list":["post-35284","page","type-page","status-publish","hentry"],"acf":[],"yoast_head":"<!-- This site is optimized with the Yoast SEO plugin v24.6 - https:\/\/yoast.com\/wordpress\/plugins\/seo\/ -->\n<title>Politique de confidentialit\u00e9 - BEEDUTY<\/title>\n<meta name=\"robots\" content=\"index, follow, max-snippet:-1, max-image-preview:large, max-video-preview:-1\" \/>\n<link rel=\"canonical\" href=\"https:\/\/www.beeduty.com\/fr\/politique-de-confidentialite\/\" \/>\n<meta property=\"og:locale\" content=\"fr_FR\" \/>\n<meta property=\"og:type\" content=\"article\" \/>\n<meta property=\"og:title\" content=\"Politique de confidentialit\u00e9 - BEEDUTY\" \/>\n<meta property=\"og:description\" content=\"Cette page d\u00e9crit les m\u00e9thodes et principes de traitement des donn\u00e9es personnelles des utilisateurs (ci-apr\u00e8s \u00e9galement appel\u00e9s \u00ab Utilisateurs \u00bb) qui naviguent sur le site web www.beeduty.com (ci-apr\u00e8s \u00e9galement appel\u00e9 \u00ab Site \u00bb). Cette d\u00e9claration de confidentialit\u00e9 est fournie conform\u00e9ment \u00e0 l&#8217;article 13 du **RGPD n\u00b0 679\/2016** et du **D\u00e9cret l\u00e9gislatif 196\/2003** (Code de protection [&hellip;]\" \/>\n<meta property=\"og:url\" content=\"https:\/\/www.beeduty.com\/fr\/politique-de-confidentialite\/\" \/>\n<meta property=\"og:site_name\" content=\"BEEDUTY\" \/>\n<meta property=\"article:modified_time\" content=\"2025-02-25T11:20:19+00:00\" \/>\n<meta name=\"twitter:card\" content=\"summary_large_image\" \/>\n<script type=\"application\/ld+json\" class=\"yoast-schema-graph\">{\"@context\":\"https:\/\/schema.org\",\"@graph\":[{\"@type\":\"WebPage\",\"@id\":\"https:\/\/www.beeduty.com\/fr\/politique-de-confidentialite\/\",\"url\":\"https:\/\/www.beeduty.com\/fr\/politique-de-confidentialite\/\",\"name\":\"Politique de confidentialit\u00e9 - BEEDUTY\",\"isPartOf\":{\"@id\":\"https:\/\/www.beeduty.com\/fr\/en\/#website\"},\"datePublished\":\"2018-05-28T07:12:21+00:00\",\"dateModified\":\"2025-02-25T11:20:19+00:00\",\"breadcrumb\":{\"@id\":\"https:\/\/www.beeduty.com\/fr\/politique-de-confidentialite\/#breadcrumb\"},\"inLanguage\":\"fr-FR\",\"potentialAction\":[{\"@type\":\"ReadAction\",\"target\":[\"https:\/\/www.beeduty.com\/fr\/politique-de-confidentialite\/\"]}]},{\"@type\":\"BreadcrumbList\",\"@id\":\"https:\/\/www.beeduty.com\/fr\/politique-de-confidentialite\/#breadcrumb\",\"itemListElement\":[{\"@type\":\"ListItem\",\"position\":1,\"name\":\"Home\",\"item\":\"https:\/\/www.beeduty.com\/fr\/\"},{\"@type\":\"ListItem\",\"position\":2,\"name\":\"Politique de confidentialit\u00e9\"}]},{\"@type\":\"WebSite\",\"@id\":\"https:\/\/www.beeduty.com\/fr\/en\/#website\",\"url\":\"https:\/\/www.beeduty.com\/fr\/en\/\",\"name\":\"BeeDuty\",\"description\":\"La nuova APP per i tuoi Rapportini di Intervento\",\"publisher\":{\"@id\":\"https:\/\/www.beeduty.com\/fr\/en\/#organization\"},\"potentialAction\":[{\"@type\":\"SearchAction\",\"target\":{\"@type\":\"EntryPoint\",\"urlTemplate\":\"https:\/\/www.beeduty.com\/fr\/en\/?s={search_term_string}\"},\"query-input\":{\"@type\":\"PropertyValueSpecification\",\"valueRequired\":true,\"valueName\":\"search_term_string\"}}],\"inLanguage\":\"fr-FR\"},{\"@type\":\"Organization\",\"@id\":\"https:\/\/www.beeduty.com\/fr\/en\/#organization\",\"name\":\"BeeDuty\",\"url\":\"https:\/\/www.beeduty.com\/fr\/en\/\",\"logo\":{\"@type\":\"ImageObject\",\"inLanguage\":\"fr-FR\",\"@id\":\"https:\/\/www.beeduty.com\/fr\/en\/#\/schema\/logo\/image\/\",\"url\":\"https:\/\/www.beeduty.com\/wp-content\/uploads\/2025\/01\/logonome.png\",\"contentUrl\":\"https:\/\/www.beeduty.com\/wp-content\/uploads\/2025\/01\/logonome.png\",\"width\":644,\"height\":176,\"caption\":\"BeeDuty\"},\"image\":{\"@id\":\"https:\/\/www.beeduty.com\/fr\/en\/#\/schema\/logo\/image\/\"}}]}<\/script>\n<!-- \/ Yoast SEO plugin. -->","yoast_head_json":{"title":"Politique de confidentialit\u00e9 - BEEDUTY","robots":{"index":"index","follow":"follow","max-snippet":"max-snippet:-1","max-image-preview":"max-image-preview:large","max-video-preview":"max-video-preview:-1"},"canonical":"https:\/\/www.beeduty.com\/fr\/politique-de-confidentialite\/","og_locale":"fr_FR","og_type":"article","og_title":"Politique de confidentialit\u00e9 - BEEDUTY","og_description":"Cette page d\u00e9crit les m\u00e9thodes et principes de traitement des donn\u00e9es personnelles des utilisateurs (ci-apr\u00e8s \u00e9galement appel\u00e9s \u00ab Utilisateurs \u00bb) qui naviguent sur le site web www.beeduty.com (ci-apr\u00e8s \u00e9galement appel\u00e9 \u00ab Site \u00bb). Cette d\u00e9claration de confidentialit\u00e9 est fournie conform\u00e9ment \u00e0 l&#8217;article 13 du **RGPD n\u00b0 679\/2016** et du **D\u00e9cret l\u00e9gislatif 196\/2003** (Code de protection [&hellip;]","og_url":"https:\/\/www.beeduty.com\/fr\/politique-de-confidentialite\/","og_site_name":"BEEDUTY","article_modified_time":"2025-02-25T11:20:19+00:00","twitter_card":"summary_large_image","schema":{"@context":"https:\/\/schema.org","@graph":[{"@type":"WebPage","@id":"https:\/\/www.beeduty.com\/fr\/politique-de-confidentialite\/","url":"https:\/\/www.beeduty.com\/fr\/politique-de-confidentialite\/","name":"Politique de confidentialit\u00e9 - BEEDUTY","isPartOf":{"@id":"https:\/\/www.beeduty.com\/fr\/en\/#website"},"datePublished":"2018-05-28T07:12:21+00:00","dateModified":"2025-02-25T11:20:19+00:00","breadcrumb":{"@id":"https:\/\/www.beeduty.com\/fr\/politique-de-confidentialite\/#breadcrumb"},"inLanguage":"fr-FR","potentialAction":[{"@type":"ReadAction","target":["https:\/\/www.beeduty.com\/fr\/politique-de-confidentialite\/"]}]},{"@type":"BreadcrumbList","@id":"https:\/\/www.beeduty.com\/fr\/politique-de-confidentialite\/#breadcrumb","itemListElement":[{"@type":"ListItem","position":1,"name":"Home","item":"https:\/\/www.beeduty.com\/fr\/"},{"@type":"ListItem","position":2,"name":"Politique de confidentialit\u00e9"}]},{"@type":"WebSite","@id":"https:\/\/www.beeduty.com\/fr\/en\/#website","url":"https:\/\/www.beeduty.com\/fr\/en\/","name":"BeeDuty","description":"La nuova APP per i tuoi Rapportini di Intervento","publisher":{"@id":"https:\/\/www.beeduty.com\/fr\/en\/#organization"},"potentialAction":[{"@type":"SearchAction","target":{"@type":"EntryPoint","urlTemplate":"https:\/\/www.beeduty.com\/fr\/en\/?s={search_term_string}"},"query-input":{"@type":"PropertyValueSpecification","valueRequired":true,"valueName":"search_term_string"}}],"inLanguage":"fr-FR"},{"@type":"Organization","@id":"https:\/\/www.beeduty.com\/fr\/en\/#organization","name":"BeeDuty","url":"https:\/\/www.beeduty.com\/fr\/en\/","logo":{"@type":"ImageObject","inLanguage":"fr-FR","@id":"https:\/\/www.beeduty.com\/fr\/en\/#\/schema\/logo\/image\/","url":"https:\/\/www.beeduty.com\/wp-content\/uploads\/2025\/01\/logonome.png","contentUrl":"https:\/\/www.beeduty.com\/wp-content\/uploads\/2025\/01\/logonome.png","width":644,"height":176,"caption":"BeeDuty"},"image":{"@id":"https:\/\/www.beeduty.com\/fr\/en\/#\/schema\/logo\/image\/"}}]}},"_links":{"self":[{"href":"https:\/\/www.beeduty.com\/fr\/wp-json\/wp\/v2\/pages\/35284","targetHints":{"allow":["GET"]}}],"collection":[{"href":"https:\/\/www.beeduty.com\/fr\/wp-json\/wp\/v2\/pages"}],"about":[{"href":"https:\/\/www.beeduty.com\/fr\/wp-json\/wp\/v2\/types\/page"}],"author":[{"embeddable":true,"href":"https:\/\/www.beeduty.com\/fr\/wp-json\/wp\/v2\/users\/2"}],"replies":[{"embeddable":true,"href":"https:\/\/www.beeduty.com\/fr\/wp-json\/wp\/v2\/comments?post=35284"}],"version-history":[{"count":1,"href":"https:\/\/www.beeduty.com\/fr\/wp-json\/wp\/v2\/pages\/35284\/revisions"}],"predecessor-version":[{"id":35285,"href":"https:\/\/www.beeduty.com\/fr\/wp-json\/wp\/v2\/pages\/35284\/revisions\/35285"}],"wp:attachment":[{"href":"https:\/\/www.beeduty.com\/fr\/wp-json\/wp\/v2\/media?parent=35284"}],"curies":[{"name":"wp","href":"https:\/\/api.w.org\/{rel}","templated":true}]}}