{"id":35286,"date":"2018-05-28T09:12:21","date_gmt":"2018-05-28T07:12:21","guid":{"rendered":"https:\/\/www.beeduty.com\/?page_id=35286"},"modified":"2025-02-25T12:21:44","modified_gmt":"2025-02-25T11:21:44","slug":"politica-de-privacidad","status":"publish","type":"page","link":"https:\/\/www.beeduty.com\/es\/politica-de-privacidad\/","title":{"rendered":"Pol\u00edtica de privacidad"},"content":{"rendered":"<p data-pm-slice=\"1 1 []\">En esta p\u00e1gina se describen los m\u00e9todos y principios del tratamiento de los datos personales de los usuarios (en adelante tambi\u00e9n denominados &#8220;Usuarios&#8221;) que navegan por el sitio web <a>www.beeduty.com<\/a> (en adelante tambi\u00e9n denominado &#8220;Sitio&#8221;).  <\/p>\n<p>Esta pol\u00edtica de privacidad se proporciona de conformidad con el **Art\u00edculo 13 del RGPD n.\u00ba 679\/2016** y el **Decreto Legislativo 196\/2003** (C\u00f3digo de Protecci\u00f3n de Datos Personales) a todos los Usuarios que, al interactuar con el Sitio, proporcionan sus datos personales a **BEEDUTY**.  <\/p>\n<p>La validez de la informaci\u00f3n contenida en esta p\u00e1gina est\u00e1 limitada exclusivamente al Sitio y no se extiende a otros sitios web accesibles a trav\u00e9s de hiperv\u00ednculos.  <\/p>\n<p>El responsable del tratamiento de los datos recopilados es: **BT Consulting S.r.l.**, con domicilio social en **Via Viani, 15 24026 Leffe (BG)** \u2013 C\u00f3digo Fiscal y n\u00famero de IVA: **04503440168** (en adelante, &#8220;Responsable del tratamiento&#8221;), que puede ser contactado en la direcci\u00f3n de correo electr\u00f3nico [email].  <\/p>\n<p>El tratamiento de los datos relacionados con el **formulario de solicitud de informaci\u00f3n** se lleva a cabo en la sede de la empresa y se realiza mediante herramientas electr\u00f3nicas, con la adopci\u00f3n de medidas de seguridad adecuadas, por parte del personal encargado del tratamiento.<\/p>\n<h2>Tipos de datos, finalidades del tratamiento y bases legales<\/h2>\n<p data-pm-slice=\"1 1 []\">Todos los datos personales proporcionados a trav\u00e9s del Sitio ser\u00e1n tratados de manera l\u00edcita y leal para ofrecer los servicios solicitados y responder a las consultas y comunicaciones de los Usuarios, siempre en el marco de los objetivos institucionales del Responsable del tratamiento.<\/p>\n<ol>\n<li data-pm-slice=\"1 1 []\"><strong>Datos proporcionados voluntariamente<\/strong><br \/>\n \tLos Usuarios pueden enviar solicitudes y comunicaciones a trav\u00e9s de los datos de contacto proporcionados en el Sitio. La entrega de estos datos no es obligatoria, pero es necesaria para responder a las solicitudes enviadas, proporcionar retroalimentaci\u00f3n y contactar al remitente para posibles aclaraciones.<br \/>\n \tPor lo tanto, si el Usuario (titular de los datos) desea evitar que el Responsable del tratamiento procese sus datos personales, se le recomienda que **no env\u00ede ninguna solicitud** o que proporcione **la menor cantidad de datos personales posible** (por ejemplo, en caso de enviar un correo electr\u00f3nico).<br \/>\n \tLos datos recopilados con este prop\u00f3sito incluyen **nombre, apellido, correo electr\u00f3nico y n\u00famero de tel\u00e9fono**.<br \/>\n \tEl tratamiento de estos datos se basa en **medidas precontractuales o contractuales conforme al art\u00edculo 6(1)(b) del RGPD**.<\/li>\n<li data-pm-slice=\"1 1 []\"><strong>Datos proporcionados por el usuario para la prestaci\u00f3n del servicio<\/strong><br \/>\n \tA trav\u00e9s del registro y la activaci\u00f3n del servicio, la entrega de estos datos es necesaria para la prestaci\u00f3n del servicio (ver **T\u00e9rminos y condiciones**).<br \/>\n \tSi no se proporciona la informaci\u00f3n solicitada, el servicio solicitado no podr\u00e1 prestarse ni se podr\u00e1 cumplir con las obligaciones legales relacionadas con la prestaci\u00f3n del servicio (por ejemplo, obligaciones administrativas, contables, etc.).<br \/>\n \tEl tratamiento de estos datos se basa en **medidas precontractuales o contractuales y en el cumplimiento de obligaciones legales relacionadas con la ejecuci\u00f3n del contrato (art\u00edculo 6(1)(b)(c) del RGPD)**.<\/li>\n<li data-pm-slice=\"1 1 []\"><strong>Datos de navegaci\u00f3n<\/strong><br \/>\n \tEsta categor\u00eda incluye **las direcciones IP o nombres de dominio** de los ordenadores utilizados por los Usuarios que acceden al Sitio, **las direcciones en notaci\u00f3n URI (Uniform Resource Identifier)** de los recursos solicitados, **los horarios de las solicitudes**, **los m\u00e9todos utilizados para enviar solicitudes al servidor**, **el tama\u00f1o de los archivos obtenidos en respuesta**, **los c\u00f3digos de estado de la respuesta del servidor** (\u00e9xito, error, etc.) y otros par\u00e1metros relacionados con el sistema operativo y el entorno inform\u00e1tico del Usuario.<br \/>\n \tLos datos de navegaci\u00f3n no se recopilan con el prop\u00f3sito de identificar a los Usuarios, sino \u00fanicamente para **obtener informaci\u00f3n estad\u00edstica an\u00f3nima sobre el uso del Sitio**, para **verificar el correcto funcionamiento de los sistemas inform\u00e1ticos** y, si es necesario, para **determinar la responsabilidad en caso de ciberataques** o da\u00f1os al Responsable del tratamiento o a terceros.<br \/>\n \tSi se detecta una conducta ilegal, podr\u00eda ser necesario identificar al infractor para **defender un derecho en procedimientos judiciales**, ya sea para el Responsable del tratamiento o para un tercero (incluido el titular de los datos) de conformidad con **el art\u00edculo 6(1)(f) del RGPD**, o por solicitud de las **autoridades judiciales o fuerzas del orden**.<\/li>\n<li data-pm-slice=\"1 1 []\"><strong>Datos proporcionados para la suscripci\u00f3n al bolet\u00edn informativo<\/strong><br \/>\n \tAl solicitar la suscripci\u00f3n al bolet\u00edn informativo, la entrega de estos datos es opcional pero necesaria para **recibir informaci\u00f3n y actualizaciones**.<br \/>\n \tSi no se proporcionan estos datos, el bolet\u00edn informativo no podr\u00e1 enviarse.<br \/>\n \tEl usuario puede cancelar la suscripci\u00f3n en cualquier momento mediante el enlace incluido en cada correo electr\u00f3nico recibido.<br \/>\n \tLos datos recopilados con este prop\u00f3sito incluyen **nombre, apellido y correo electr\u00f3nico**.<br \/>\n \tEl tratamiento de estos datos se basa en **medidas precontractuales o contractuales conforme al art\u00edculo 6(1)(b) del RGPD**.<\/li>\n<li data-pm-slice=\"1 1 []\"><strong>Interacciones basadas en la ubicaci\u00f3n<\/strong><br \/>\n \tGeolocalizaci\u00f3n no continua, datos utilizados: **ubicaci\u00f3n geogr\u00e1fica**.<br \/>\n \tEl tratamiento de estos datos se basa en **el consentimiento del titular de los datos, de conformidad con el art\u00edculo 6(1)(a) del RGPD**.<br \/>\n \tEl rechazo no tiene ninguna consecuencia, salvo la imposibilidad de interactuar con la informaci\u00f3n o los servicios ofrecidos por la Aplicaci\u00f3n en funci\u00f3n de la ubicaci\u00f3n del Usuario.<\/li>\n<li data-pm-slice=\"1 1 []\"><strong>Visualizaci\u00f3n de contenido de plataformas externas<\/strong><br \/>\n \tGoogle Maps Widget, YouTube Video Widget y Google Fonts, datos utilizados: **cookies y datos de uso**.<br \/>\n \tEl tratamiento de estos datos se basa en **el consentimiento del titular de los datos conforme al art\u00edculo 6(1)(a) del RGPD**.<br \/>\n \tEl rechazo no tiene ninguna consecuencia, salvo la imposibilidad de visualizar contenido de plataformas externas.<\/li>\n<\/ol>\n<h2>Divulgaci\u00f3n, comunicaci\u00f3n y transferencia de datos<\/h2>\n<p>Los datos personales no ser\u00e1n divulgados y podr\u00e1n ser comunicados \u00fanicamente a **autoridades competentes o entidades p\u00fablicas\/privadas** para cumplir con obligaciones legales.<br \/>\nAdem\u00e1s, podr\u00e1n ser comunicados a empresas o profesionales contratados por el Responsable del tratamiento para proteger sus derechos (ej. contadores, abogados, asesores fiscales).<br \/>\nLos datos personales no ser\u00e1n **transferidos fuera de la UE o del Espacio Econ\u00f3mico Europeo (EEE)**.<\/p>\n<h2>Criterios de conservaci\u00f3n de los datos<\/h2>\n<p>El per\u00edodo de conservaci\u00f3n depende de las finalidades del tratamiento. Los criterios incluyen:<\/p>\n<ul>\n<li>La gesti\u00f3n de la relaci\u00f3n contractual con el Usuario,<\/li>\n<li>El manejo de quejas o solicitudes espec\u00edficas,<\/li>\n<li>El ejercicio de derechos en procedimientos judiciales,<\/li>\n<li>El cumplimiento de obligaciones legales (ej. plazos de prescripci\u00f3n).<\/li>\n<\/ul>\n<h2>Derechos del Usuario<\/h2>\n<p>El Usuario puede ejercer los **derechos previstos en los art\u00edculos 15 a 22 y 77 del RGPD**, incluyendo:<\/p>\n<ul>\n<li>Derecho de acceso,<\/li>\n<li>Derecho de rectificaci\u00f3n,<\/li>\n<li>Derecho de supresi\u00f3n,<\/li>\n<li>Derecho de oposici\u00f3n,<\/li>\n<li>Derecho a presentar una reclamaci\u00f3n ante una autoridad de control.<\/li>\n<\/ul>\n<p>Las solicitudes deben enviarse a <a>app@beeduty.com<\/a>.<\/p>\n","protected":false},"excerpt":{"rendered":"<p>En esta p\u00e1gina se describen los m\u00e9todos y principios del tratamiento de los datos personales de los usuarios (en adelante tambi\u00e9n denominados &#8220;Usuarios&#8221;) que navegan por el sitio web www.beeduty.com (en adelante tambi\u00e9n denominado &#8220;Sitio&#8221;). Esta pol\u00edtica de privacidad se proporciona de conformidad con el **Art\u00edculo 13 del RGPD n.\u00ba 679\/2016** y el **Decreto Legislativo [&hellip;]<\/p>\n","protected":false},"author":2,"featured_media":0,"parent":0,"menu_order":0,"comment_status":"closed","ping_status":"closed","template":"page-templates\/page-sidebar-none.php","meta":{"footnotes":""},"class_list":["post-35286","page","type-page","status-publish","hentry"],"acf":[],"yoast_head":"<!-- This site is optimized with the Yoast SEO plugin v24.6 - https:\/\/yoast.com\/wordpress\/plugins\/seo\/ -->\n<title>Pol\u00edtica de privacidad - BEEDUTY<\/title>\n<meta name=\"robots\" content=\"index, follow, max-snippet:-1, max-image-preview:large, max-video-preview:-1\" \/>\n<link rel=\"canonical\" href=\"https:\/\/www.beeduty.com\/es\/politica-de-privacidad\/\" \/>\n<meta property=\"og:locale\" content=\"es_ES\" \/>\n<meta property=\"og:type\" content=\"article\" \/>\n<meta property=\"og:title\" content=\"Pol\u00edtica de privacidad - BEEDUTY\" \/>\n<meta property=\"og:description\" content=\"En esta p\u00e1gina se describen los m\u00e9todos y principios del tratamiento de los datos personales de los usuarios (en adelante tambi\u00e9n denominados &#8220;Usuarios&#8221;) que navegan por el sitio web www.beeduty.com (en adelante tambi\u00e9n denominado &#8220;Sitio&#8221;). Esta pol\u00edtica de privacidad se proporciona de conformidad con el **Art\u00edculo 13 del RGPD n.\u00ba 679\/2016** y el **Decreto Legislativo [&hellip;]\" \/>\n<meta property=\"og:url\" content=\"https:\/\/www.beeduty.com\/es\/politica-de-privacidad\/\" \/>\n<meta property=\"og:site_name\" content=\"BEEDUTY\" \/>\n<meta property=\"article:modified_time\" content=\"2025-02-25T11:21:44+00:00\" \/>\n<meta name=\"twitter:card\" content=\"summary_large_image\" \/>\n<script type=\"application\/ld+json\" class=\"yoast-schema-graph\">{\"@context\":\"https:\/\/schema.org\",\"@graph\":[{\"@type\":\"WebPage\",\"@id\":\"https:\/\/www.beeduty.com\/es\/politica-de-privacidad\/\",\"url\":\"https:\/\/www.beeduty.com\/es\/politica-de-privacidad\/\",\"name\":\"Pol\u00edtica de privacidad - BEEDUTY\",\"isPartOf\":{\"@id\":\"https:\/\/www.beeduty.com\/es\/en\/#website\"},\"datePublished\":\"2018-05-28T07:12:21+00:00\",\"dateModified\":\"2025-02-25T11:21:44+00:00\",\"breadcrumb\":{\"@id\":\"https:\/\/www.beeduty.com\/es\/politica-de-privacidad\/#breadcrumb\"},\"inLanguage\":\"es\",\"potentialAction\":[{\"@type\":\"ReadAction\",\"target\":[\"https:\/\/www.beeduty.com\/es\/politica-de-privacidad\/\"]}]},{\"@type\":\"BreadcrumbList\",\"@id\":\"https:\/\/www.beeduty.com\/es\/politica-de-privacidad\/#breadcrumb\",\"itemListElement\":[{\"@type\":\"ListItem\",\"position\":1,\"name\":\"Home\",\"item\":\"https:\/\/www.beeduty.com\/es\/\"},{\"@type\":\"ListItem\",\"position\":2,\"name\":\"Pol\u00edtica de privacidad\"}]},{\"@type\":\"WebSite\",\"@id\":\"https:\/\/www.beeduty.com\/es\/en\/#website\",\"url\":\"https:\/\/www.beeduty.com\/es\/en\/\",\"name\":\"BeeDuty\",\"description\":\"La nuova APP per i tuoi Rapportini di Intervento\",\"publisher\":{\"@id\":\"https:\/\/www.beeduty.com\/es\/en\/#organization\"},\"potentialAction\":[{\"@type\":\"SearchAction\",\"target\":{\"@type\":\"EntryPoint\",\"urlTemplate\":\"https:\/\/www.beeduty.com\/es\/en\/?s={search_term_string}\"},\"query-input\":{\"@type\":\"PropertyValueSpecification\",\"valueRequired\":true,\"valueName\":\"search_term_string\"}}],\"inLanguage\":\"es\"},{\"@type\":\"Organization\",\"@id\":\"https:\/\/www.beeduty.com\/es\/en\/#organization\",\"name\":\"BeeDuty\",\"url\":\"https:\/\/www.beeduty.com\/es\/en\/\",\"logo\":{\"@type\":\"ImageObject\",\"inLanguage\":\"es\",\"@id\":\"https:\/\/www.beeduty.com\/es\/en\/#\/schema\/logo\/image\/\",\"url\":\"https:\/\/www.beeduty.com\/wp-content\/uploads\/2025\/01\/logonome.png\",\"contentUrl\":\"https:\/\/www.beeduty.com\/wp-content\/uploads\/2025\/01\/logonome.png\",\"width\":644,\"height\":176,\"caption\":\"BeeDuty\"},\"image\":{\"@id\":\"https:\/\/www.beeduty.com\/es\/en\/#\/schema\/logo\/image\/\"}}]}<\/script>\n<!-- \/ Yoast SEO plugin. -->","yoast_head_json":{"title":"Pol\u00edtica de privacidad - BEEDUTY","robots":{"index":"index","follow":"follow","max-snippet":"max-snippet:-1","max-image-preview":"max-image-preview:large","max-video-preview":"max-video-preview:-1"},"canonical":"https:\/\/www.beeduty.com\/es\/politica-de-privacidad\/","og_locale":"es_ES","og_type":"article","og_title":"Pol\u00edtica de privacidad - BEEDUTY","og_description":"En esta p\u00e1gina se describen los m\u00e9todos y principios del tratamiento de los datos personales de los usuarios (en adelante tambi\u00e9n denominados &#8220;Usuarios&#8221;) que navegan por el sitio web www.beeduty.com (en adelante tambi\u00e9n denominado &#8220;Sitio&#8221;). Esta pol\u00edtica de privacidad se proporciona de conformidad con el **Art\u00edculo 13 del RGPD n.\u00ba 679\/2016** y el **Decreto Legislativo [&hellip;]","og_url":"https:\/\/www.beeduty.com\/es\/politica-de-privacidad\/","og_site_name":"BEEDUTY","article_modified_time":"2025-02-25T11:21:44+00:00","twitter_card":"summary_large_image","schema":{"@context":"https:\/\/schema.org","@graph":[{"@type":"WebPage","@id":"https:\/\/www.beeduty.com\/es\/politica-de-privacidad\/","url":"https:\/\/www.beeduty.com\/es\/politica-de-privacidad\/","name":"Pol\u00edtica de privacidad - BEEDUTY","isPartOf":{"@id":"https:\/\/www.beeduty.com\/es\/en\/#website"},"datePublished":"2018-05-28T07:12:21+00:00","dateModified":"2025-02-25T11:21:44+00:00","breadcrumb":{"@id":"https:\/\/www.beeduty.com\/es\/politica-de-privacidad\/#breadcrumb"},"inLanguage":"es","potentialAction":[{"@type":"ReadAction","target":["https:\/\/www.beeduty.com\/es\/politica-de-privacidad\/"]}]},{"@type":"BreadcrumbList","@id":"https:\/\/www.beeduty.com\/es\/politica-de-privacidad\/#breadcrumb","itemListElement":[{"@type":"ListItem","position":1,"name":"Home","item":"https:\/\/www.beeduty.com\/es\/"},{"@type":"ListItem","position":2,"name":"Pol\u00edtica de privacidad"}]},{"@type":"WebSite","@id":"https:\/\/www.beeduty.com\/es\/en\/#website","url":"https:\/\/www.beeduty.com\/es\/en\/","name":"BeeDuty","description":"La nuova APP per i tuoi Rapportini di Intervento","publisher":{"@id":"https:\/\/www.beeduty.com\/es\/en\/#organization"},"potentialAction":[{"@type":"SearchAction","target":{"@type":"EntryPoint","urlTemplate":"https:\/\/www.beeduty.com\/es\/en\/?s={search_term_string}"},"query-input":{"@type":"PropertyValueSpecification","valueRequired":true,"valueName":"search_term_string"}}],"inLanguage":"es"},{"@type":"Organization","@id":"https:\/\/www.beeduty.com\/es\/en\/#organization","name":"BeeDuty","url":"https:\/\/www.beeduty.com\/es\/en\/","logo":{"@type":"ImageObject","inLanguage":"es","@id":"https:\/\/www.beeduty.com\/es\/en\/#\/schema\/logo\/image\/","url":"https:\/\/www.beeduty.com\/wp-content\/uploads\/2025\/01\/logonome.png","contentUrl":"https:\/\/www.beeduty.com\/wp-content\/uploads\/2025\/01\/logonome.png","width":644,"height":176,"caption":"BeeDuty"},"image":{"@id":"https:\/\/www.beeduty.com\/es\/en\/#\/schema\/logo\/image\/"}}]}},"_links":{"self":[{"href":"https:\/\/www.beeduty.com\/es\/wp-json\/wp\/v2\/pages\/35286","targetHints":{"allow":["GET"]}}],"collection":[{"href":"https:\/\/www.beeduty.com\/es\/wp-json\/wp\/v2\/pages"}],"about":[{"href":"https:\/\/www.beeduty.com\/es\/wp-json\/wp\/v2\/types\/page"}],"author":[{"embeddable":true,"href":"https:\/\/www.beeduty.com\/es\/wp-json\/wp\/v2\/users\/2"}],"replies":[{"embeddable":true,"href":"https:\/\/www.beeduty.com\/es\/wp-json\/wp\/v2\/comments?post=35286"}],"version-history":[{"count":1,"href":"https:\/\/www.beeduty.com\/es\/wp-json\/wp\/v2\/pages\/35286\/revisions"}],"predecessor-version":[{"id":35287,"href":"https:\/\/www.beeduty.com\/es\/wp-json\/wp\/v2\/pages\/35286\/revisions\/35287"}],"wp:attachment":[{"href":"https:\/\/www.beeduty.com\/es\/wp-json\/wp\/v2\/media?parent=35286"}],"curies":[{"name":"wp","href":"https:\/\/api.w.org\/{rel}","templated":true}]}}