{"id":35138,"date":"2022-04-11T15:00:16","date_gmt":"2022-04-11T13:00:16","guid":{"rendered":"https:\/\/www.beeduty.com\/?page_id=35138"},"modified":"2025-02-24T14:54:36","modified_gmt":"2025-02-24T13:54:36","slug":"politica-de-cookies","status":"publish","type":"page","link":"https:\/\/www.beeduty.com\/es\/politica-de-cookies\/","title":{"rendered":"Pol\u00edtica de cookies"},"content":{"rendered":"<div class=\"cli_pg_page_contaner\">\r\n<h3>Informaci\u00f3n sobre esta Pol\u00edtica de cookies<\/h3>\r\nEsta Pol\u00edtica de cookies explica qu\u00e9 son las cookies, c\u00f3mo las usamos, los tipos de cookies que usamos (es decir, la informaci\u00f3n que recopilamos mediante cookies y c\u00f3mo se usa esa informaci\u00f3n) y c\u00f3mo puede controlar sus preferencias de cookies. Para obtener m\u00e1s detalles sobre c\u00f3mo usamos, almacenamos y mantenemos seguros sus datos personales, consulte nuestra Pol\u00edtica de privacidad. Puede modificar o retirar su consentimiento en cualquier momento desde la Declaraci\u00f3n de cookies en nuestro sitio web. Obtenga m\u00e1s informaci\u00f3n sobre qui\u00e9nes somos, c\u00f3mo contactarnos y c\u00f3mo procesamos los datos personales en nuestra Pol\u00edtica de privacidad. Su consentimiento se aplica a los siguientes dominios: www.beeduty.com[user_consent_state]\r\n<h3>\u00bfQu\u00e9 son las cookies?<\/h3>\r\nLas cookies son peque\u00f1os archivos de texto que se utilizan para almacenar peque\u00f1os fragmentos de informaci\u00f3n. Se almacenan en su dispositivo cuando el sitio web se carga en su navegador. Estas cookies nos ayudan a garantizar que el sitio web funcione correctamente, lo hacen m\u00e1s seguro, brindan una mejor experiencia de usuario y nos ayudan a comprender c\u00f3mo funciona el sitio web y d\u00f3nde se necesitan mejoras.\r\n<h3>\u00bfC\u00f3mo usamos las cookies?<\/h3>\r\nAl igual que la mayor\u00eda de los servicios en l\u00ednea, nuestro sitio web utiliza cookies propias y de terceros para diversos fines. Las cookies propias son principalmente necesarias para que el sitio web funcione correctamente y no recopilan ning\u00fan dato de identificaci\u00f3n personal. Las cookies de terceros nos ayudan a analizar el rendimiento del sitio web, c\u00f3mo interact\u00faa con \u00e9l, garantizar que nuestros servicios sigan siendo seguros, ofrecer anuncios relevantes y mejorar su experiencia general de usuario al acelerar las interacciones futuras.\r\n<h3>\u00bfQu\u00e9 tipos de cookies utilizamos?<\/h3>\r\nEsenciales: algunas cookies son esenciales para que experimente la funcionalidad completa de nuestro sitio. Nos permiten mantener las sesiones de los usuarios y evitar amenazas de seguridad. Estas cookies no recopilan ni almacenan informaci\u00f3n personal. Por ejemplo, le permiten iniciar sesi\u00f3n en su cuenta, agregar productos a su carrito y completar un pago seguro. Estad\u00edsticas: estas cookies almacenan informaci\u00f3n como la cantidad de visitantes del sitio web, la cantidad de visitantes \u00fanicos, qu\u00e9 p\u00e1ginas se visitaron, la fuente de la visita y otros datos anal\u00edticos. Esto nos ayuda a comprender y analizar el rendimiento del sitio web y las \u00e1reas de mejora. Marketing: nuestro sitio web muestra anuncios. Estas cookies se utilizan para personalizar los anuncios que ve, haci\u00e9ndolos m\u00e1s relevantes para usted. Tambi\u00e9n ayudan a rastrear la efectividad de las campa\u00f1as publicitarias. La informaci\u00f3n almacenada en estas cookies tambi\u00e9n puede ser utilizada por proveedores de publicidad de terceros para mostrar anuncios en otros sitios web en su navegador. Funcional: estas cookies admiten ciertas funcionalidades no esenciales en nuestro sitio web, como incrustar videos o permitir compartir contenido en plataformas de redes sociales. Preferencias: estas cookies almacenan su configuraci\u00f3n y preferencias de navegaci\u00f3n, como preferencias de idioma, para brindarle una experiencia mejor y m\u00e1s eficiente durante futuras visitas.\r\n<h3>[cookie_audit]\r\n\u00bfC\u00f3mo puedo controlar mis preferencias de cookies?<\/h3>\r\nSi decide cambiar sus preferencias m\u00e1s tarde durante su sesi\u00f3n de navegaci\u00f3n, puede hacer clic en la pesta\u00f1a &#8220;Pol\u00edtica de privacidad y cookies&#8221; en su pantalla. Esto volver\u00e1 a abrir el aviso de consentimiento, lo que le permitir\u00e1 modificar sus preferencias o retirar su consentimiento por completo. Adem\u00e1s, diferentes navegadores proporcionan varios m\u00e9todos para bloquear y eliminar las cookies utilizadas por los sitios web. Puede ajustar la configuraci\u00f3n de su navegador para bloquear o eliminar las cookies. Para obtener m\u00e1s informaci\u00f3n sobre c\u00f3mo administrar y eliminar las cookies, visite: Wikipedia.org www.allaboutcookies.org\r\n\r\n<\/div>\r\n<div><\/div>\r\n\r\n<figure class=\"wp-block-table aligncenter is-style-stripes has-medium-font-size\">\r\n<table class=\"has-black-color has-text-color\">\r\n<thead>\r\n<tr>\r\n<th>#<\/th>\r\n<th>BROWSER<\/th>\r\n<\/tr>\r\n<\/thead>\r\n<tbody>\r\n<tr>\r\n<td><a href=\"https:\/\/support.microsoft.com\/it-it\/windows\/eliminare-e-gestire-i-cookie-168dab11-0753-043d-7c16-ede5947fc64d\" target=\"_blank\" rel=\"noreferrer noopener\"><img loading=\"lazy\" decoding=\"async\" width=\"40\" height=\"40\" class=\"wp-image-32945\" style=\"width: 40px;\" src=\"https:\/\/www.rapportinilavoro.it\/wp-content\/uploads\/2023\/05\/download-e1684761061626.png\" alt=\"\" srcset=\"https:\/\/www.beeduty.com\/wp-content\/uploads\/2023\/05\/download-e1684761061626.png 195w, https:\/\/www.beeduty.com\/wp-content\/uploads\/2023\/05\/download-e1684761061626-150x150.png 150w\" sizes=\"auto, (max-width: 40px) 100vw, 40px\" \/><\/a><\/td>\r\n<td>Microsoft Edge<\/td>\r\n<\/tr>\r\n<tr>\r\n<td><a href=\"https:\/\/support.google.com\/chrome\/answer\/95647?hl=it&amp;topic=14666&amp;ctx=topic\" target=\"_blank\" rel=\"noreferrer noopener\"><img loading=\"lazy\" decoding=\"async\" width=\"40\" height=\"40\" class=\"wp-image-32944\" style=\"width: 40px;\" src=\"https:\/\/www.rapportinilavoro.it\/wp-content\/uploads\/2023\/05\/download-1-e1684761146216.jpg\" alt=\"\" srcset=\"https:\/\/www.beeduty.com\/wp-content\/uploads\/2023\/05\/download-1-e1684761146216.jpg 187w, https:\/\/www.beeduty.com\/wp-content\/uploads\/2023\/05\/download-1-e1684761146216-150x150.jpg 150w\" sizes=\"auto, (max-width: 40px) 100vw, 40px\" \/><\/a><\/td>\r\n<td>Chrome<\/td>\r\n<\/tr>\r\n<tr>\r\n<td><a href=\"https:\/\/support.apple.com\/it-it\/HT201265\" target=\"_blank\" rel=\"noreferrer noopener\"><img loading=\"lazy\" decoding=\"async\" width=\"40\" height=\"40\" class=\"wp-image-32943\" style=\"width: 40px;\" src=\"https:\/\/www.rapportinilavoro.it\/wp-content\/uploads\/2023\/05\/download.jpg\" alt=\"\" srcset=\"https:\/\/www.beeduty.com\/wp-content\/uploads\/2023\/05\/download.jpg 225w, https:\/\/www.beeduty.com\/wp-content\/uploads\/2023\/05\/download-150x150.jpg 150w\" sizes=\"auto, (max-width: 40px) 100vw, 40px\" \/><\/a><\/td>\r\n<td>Safari<\/td>\r\n<\/tr>\r\n<tr>\r\n<td><a href=\"https:\/\/support.mozilla.org\/it\/kb\/Gestione%20dei%20cookie\" target=\"_blank\" rel=\"noreferrer noopener\"><img loading=\"lazy\" decoding=\"async\" width=\"40\" height=\"40\" class=\"wp-image-32942\" style=\"width: 40px;\" src=\"https:\/\/www.rapportinilavoro.it\/wp-content\/uploads\/2023\/05\/2020-04-14-08-36-13-8dda6f.png\" alt=\"\" srcset=\"https:\/\/www.beeduty.com\/wp-content\/uploads\/2023\/05\/2020-04-14-08-36-13-8dda6f.png 168w, https:\/\/www.beeduty.com\/wp-content\/uploads\/2023\/05\/2020-04-14-08-36-13-8dda6f-150x150.png 150w\" sizes=\"auto, (max-width: 40px) 100vw, 40px\" \/><\/a><\/td>\r\n<td>Firefox<\/td>\r\n<\/tr>\r\n<\/tbody>\r\n<\/table>\r\n<\/figure>\r\n\r\n\r\n\r\n\r\n&nbsp;\r\n\r\n","protected":false},"excerpt":{"rendered":"<p>Informaci\u00f3n sobre esta Pol\u00edtica de cookies Esta Pol\u00edtica de cookies explica qu\u00e9 son las cookies, c\u00f3mo las usamos, los tipos de cookies que usamos (es decir, la informaci\u00f3n que recopilamos mediante cookies y c\u00f3mo se usa esa informaci\u00f3n) y c\u00f3mo puede controlar sus preferencias de cookies. Para obtener m\u00e1s detalles sobre c\u00f3mo usamos, almacenamos y [&hellip;]<\/p>\n","protected":false},"author":2,"featured_media":0,"parent":0,"menu_order":0,"comment_status":"closed","ping_status":"closed","template":"page-templates\/page-sidebar-none.php","meta":{"footnotes":""},"class_list":["post-35138","page","type-page","status-publish","hentry"],"acf":[],"yoast_head":"<!-- This site is optimized with the Yoast SEO plugin v24.6 - https:\/\/yoast.com\/wordpress\/plugins\/seo\/ -->\n<title>Pol\u00edtica de cookies - BEEDUTY<\/title>\n<meta name=\"robots\" content=\"index, follow, max-snippet:-1, max-image-preview:large, max-video-preview:-1\" \/>\n<link rel=\"canonical\" href=\"https:\/\/www.beeduty.com\/es\/politica-de-cookies\/\" \/>\n<meta property=\"og:locale\" content=\"es_ES\" \/>\n<meta property=\"og:type\" content=\"article\" \/>\n<meta property=\"og:title\" content=\"Pol\u00edtica de cookies - BEEDUTY\" \/>\n<meta property=\"og:description\" content=\"Informaci\u00f3n sobre esta Pol\u00edtica de cookies Esta Pol\u00edtica de cookies explica qu\u00e9 son las cookies, c\u00f3mo las usamos, los tipos de cookies que usamos (es decir, la informaci\u00f3n que recopilamos mediante cookies y c\u00f3mo se usa esa informaci\u00f3n) y c\u00f3mo puede controlar sus preferencias de cookies. Para obtener m\u00e1s detalles sobre c\u00f3mo usamos, almacenamos y [&hellip;]\" \/>\n<meta property=\"og:url\" content=\"https:\/\/www.beeduty.com\/es\/politica-de-cookies\/\" \/>\n<meta property=\"og:site_name\" content=\"BEEDUTY\" \/>\n<meta property=\"article:modified_time\" content=\"2025-02-24T13:54:36+00:00\" \/>\n<meta property=\"og:image\" content=\"https:\/\/www.beeduty.com\/wp-content\/uploads\/2023\/05\/download-e1684761061626.png\" \/>\n\t<meta property=\"og:image:width\" content=\"195\" \/>\n\t<meta property=\"og:image:height\" content=\"195\" \/>\n\t<meta property=\"og:image:type\" content=\"image\/png\" \/>\n<meta name=\"twitter:card\" content=\"summary_large_image\" \/>\n<meta name=\"twitter:label1\" content=\"Tiempo de lectura\" \/>\n\t<meta name=\"twitter:data1\" content=\"4 minutos\" \/>\n<script type=\"application\/ld+json\" class=\"yoast-schema-graph\">{\"@context\":\"https:\/\/schema.org\",\"@graph\":[{\"@type\":\"WebPage\",\"@id\":\"https:\/\/www.beeduty.com\/es\/politica-de-cookies\/\",\"url\":\"https:\/\/www.beeduty.com\/es\/politica-de-cookies\/\",\"name\":\"Pol\u00edtica de cookies - BEEDUTY\",\"isPartOf\":{\"@id\":\"https:\/\/www.beeduty.com\/es\/en\/#website\"},\"primaryImageOfPage\":{\"@id\":\"https:\/\/www.beeduty.com\/es\/politica-de-cookies\/#primaryimage\"},\"image\":{\"@id\":\"https:\/\/www.beeduty.com\/es\/politica-de-cookies\/#primaryimage\"},\"thumbnailUrl\":\"https:\/\/www.rapportinilavoro.it\/wp-content\/uploads\/2023\/05\/download-e1684761061626.png\",\"datePublished\":\"2022-04-11T13:00:16+00:00\",\"dateModified\":\"2025-02-24T13:54:36+00:00\",\"breadcrumb\":{\"@id\":\"https:\/\/www.beeduty.com\/es\/politica-de-cookies\/#breadcrumb\"},\"inLanguage\":\"es\",\"potentialAction\":[{\"@type\":\"ReadAction\",\"target\":[\"https:\/\/www.beeduty.com\/es\/politica-de-cookies\/\"]}]},{\"@type\":\"ImageObject\",\"inLanguage\":\"es\",\"@id\":\"https:\/\/www.beeduty.com\/es\/politica-de-cookies\/#primaryimage\",\"url\":\"https:\/\/www.rapportinilavoro.it\/wp-content\/uploads\/2023\/05\/download-e1684761061626.png\",\"contentUrl\":\"https:\/\/www.rapportinilavoro.it\/wp-content\/uploads\/2023\/05\/download-e1684761061626.png\"},{\"@type\":\"BreadcrumbList\",\"@id\":\"https:\/\/www.beeduty.com\/es\/politica-de-cookies\/#breadcrumb\",\"itemListElement\":[{\"@type\":\"ListItem\",\"position\":1,\"name\":\"Home\",\"item\":\"https:\/\/www.beeduty.com\/es\/\"},{\"@type\":\"ListItem\",\"position\":2,\"name\":\"Pol\u00edtica de cookies\"}]},{\"@type\":\"WebSite\",\"@id\":\"https:\/\/www.beeduty.com\/es\/en\/#website\",\"url\":\"https:\/\/www.beeduty.com\/es\/en\/\",\"name\":\"BeeDuty\",\"description\":\"La nuova APP per i tuoi Rapportini di Intervento\",\"publisher\":{\"@id\":\"https:\/\/www.beeduty.com\/es\/en\/#organization\"},\"potentialAction\":[{\"@type\":\"SearchAction\",\"target\":{\"@type\":\"EntryPoint\",\"urlTemplate\":\"https:\/\/www.beeduty.com\/es\/en\/?s={search_term_string}\"},\"query-input\":{\"@type\":\"PropertyValueSpecification\",\"valueRequired\":true,\"valueName\":\"search_term_string\"}}],\"inLanguage\":\"es\"},{\"@type\":\"Organization\",\"@id\":\"https:\/\/www.beeduty.com\/es\/en\/#organization\",\"name\":\"BeeDuty\",\"url\":\"https:\/\/www.beeduty.com\/es\/en\/\",\"logo\":{\"@type\":\"ImageObject\",\"inLanguage\":\"es\",\"@id\":\"https:\/\/www.beeduty.com\/es\/en\/#\/schema\/logo\/image\/\",\"url\":\"https:\/\/www.beeduty.com\/wp-content\/uploads\/2025\/01\/logonome.png\",\"contentUrl\":\"https:\/\/www.beeduty.com\/wp-content\/uploads\/2025\/01\/logonome.png\",\"width\":644,\"height\":176,\"caption\":\"BeeDuty\"},\"image\":{\"@id\":\"https:\/\/www.beeduty.com\/es\/en\/#\/schema\/logo\/image\/\"}}]}<\/script>\n<!-- \/ Yoast SEO plugin. -->","yoast_head_json":{"title":"Pol\u00edtica de cookies - BEEDUTY","robots":{"index":"index","follow":"follow","max-snippet":"max-snippet:-1","max-image-preview":"max-image-preview:large","max-video-preview":"max-video-preview:-1"},"canonical":"https:\/\/www.beeduty.com\/es\/politica-de-cookies\/","og_locale":"es_ES","og_type":"article","og_title":"Pol\u00edtica de cookies - BEEDUTY","og_description":"Informaci\u00f3n sobre esta Pol\u00edtica de cookies Esta Pol\u00edtica de cookies explica qu\u00e9 son las cookies, c\u00f3mo las usamos, los tipos de cookies que usamos (es decir, la informaci\u00f3n que recopilamos mediante cookies y c\u00f3mo se usa esa informaci\u00f3n) y c\u00f3mo puede controlar sus preferencias de cookies. Para obtener m\u00e1s detalles sobre c\u00f3mo usamos, almacenamos y [&hellip;]","og_url":"https:\/\/www.beeduty.com\/es\/politica-de-cookies\/","og_site_name":"BEEDUTY","article_modified_time":"2025-02-24T13:54:36+00:00","og_image":[{"width":195,"height":195,"url":"https:\/\/www.beeduty.com\/wp-content\/uploads\/2023\/05\/download-e1684761061626.png","type":"image\/png"}],"twitter_card":"summary_large_image","twitter_misc":{"Tiempo de lectura":"4 minutos"},"schema":{"@context":"https:\/\/schema.org","@graph":[{"@type":"WebPage","@id":"https:\/\/www.beeduty.com\/es\/politica-de-cookies\/","url":"https:\/\/www.beeduty.com\/es\/politica-de-cookies\/","name":"Pol\u00edtica de cookies - BEEDUTY","isPartOf":{"@id":"https:\/\/www.beeduty.com\/es\/en\/#website"},"primaryImageOfPage":{"@id":"https:\/\/www.beeduty.com\/es\/politica-de-cookies\/#primaryimage"},"image":{"@id":"https:\/\/www.beeduty.com\/es\/politica-de-cookies\/#primaryimage"},"thumbnailUrl":"https:\/\/www.rapportinilavoro.it\/wp-content\/uploads\/2023\/05\/download-e1684761061626.png","datePublished":"2022-04-11T13:00:16+00:00","dateModified":"2025-02-24T13:54:36+00:00","breadcrumb":{"@id":"https:\/\/www.beeduty.com\/es\/politica-de-cookies\/#breadcrumb"},"inLanguage":"es","potentialAction":[{"@type":"ReadAction","target":["https:\/\/www.beeduty.com\/es\/politica-de-cookies\/"]}]},{"@type":"ImageObject","inLanguage":"es","@id":"https:\/\/www.beeduty.com\/es\/politica-de-cookies\/#primaryimage","url":"https:\/\/www.rapportinilavoro.it\/wp-content\/uploads\/2023\/05\/download-e1684761061626.png","contentUrl":"https:\/\/www.rapportinilavoro.it\/wp-content\/uploads\/2023\/05\/download-e1684761061626.png"},{"@type":"BreadcrumbList","@id":"https:\/\/www.beeduty.com\/es\/politica-de-cookies\/#breadcrumb","itemListElement":[{"@type":"ListItem","position":1,"name":"Home","item":"https:\/\/www.beeduty.com\/es\/"},{"@type":"ListItem","position":2,"name":"Pol\u00edtica de cookies"}]},{"@type":"WebSite","@id":"https:\/\/www.beeduty.com\/es\/en\/#website","url":"https:\/\/www.beeduty.com\/es\/en\/","name":"BeeDuty","description":"La nuova APP per i tuoi Rapportini di Intervento","publisher":{"@id":"https:\/\/www.beeduty.com\/es\/en\/#organization"},"potentialAction":[{"@type":"SearchAction","target":{"@type":"EntryPoint","urlTemplate":"https:\/\/www.beeduty.com\/es\/en\/?s={search_term_string}"},"query-input":{"@type":"PropertyValueSpecification","valueRequired":true,"valueName":"search_term_string"}}],"inLanguage":"es"},{"@type":"Organization","@id":"https:\/\/www.beeduty.com\/es\/en\/#organization","name":"BeeDuty","url":"https:\/\/www.beeduty.com\/es\/en\/","logo":{"@type":"ImageObject","inLanguage":"es","@id":"https:\/\/www.beeduty.com\/es\/en\/#\/schema\/logo\/image\/","url":"https:\/\/www.beeduty.com\/wp-content\/uploads\/2025\/01\/logonome.png","contentUrl":"https:\/\/www.beeduty.com\/wp-content\/uploads\/2025\/01\/logonome.png","width":644,"height":176,"caption":"BeeDuty"},"image":{"@id":"https:\/\/www.beeduty.com\/es\/en\/#\/schema\/logo\/image\/"}}]}},"_links":{"self":[{"href":"https:\/\/www.beeduty.com\/es\/wp-json\/wp\/v2\/pages\/35138","targetHints":{"allow":["GET"]}}],"collection":[{"href":"https:\/\/www.beeduty.com\/es\/wp-json\/wp\/v2\/pages"}],"about":[{"href":"https:\/\/www.beeduty.com\/es\/wp-json\/wp\/v2\/types\/page"}],"author":[{"embeddable":true,"href":"https:\/\/www.beeduty.com\/es\/wp-json\/wp\/v2\/users\/2"}],"replies":[{"embeddable":true,"href":"https:\/\/www.beeduty.com\/es\/wp-json\/wp\/v2\/comments?post=35138"}],"version-history":[{"count":1,"href":"https:\/\/www.beeduty.com\/es\/wp-json\/wp\/v2\/pages\/35138\/revisions"}],"predecessor-version":[{"id":35143,"href":"https:\/\/www.beeduty.com\/es\/wp-json\/wp\/v2\/pages\/35138\/revisions\/35143"}],"wp:attachment":[{"href":"https:\/\/www.beeduty.com\/es\/wp-json\/wp\/v2\/media?parent=35138"}],"curies":[{"name":"wp","href":"https:\/\/api.w.org\/{rel}","templated":true}]}}