{"id":35282,"date":"2018-05-28T09:12:21","date_gmt":"2018-05-28T07:12:21","guid":{"rendered":"https:\/\/www.beeduty.com\/?page_id=35282"},"modified":"2025-02-25T12:19:08","modified_gmt":"2025-02-25T11:19:08","slug":"datenschutzrichtlinie","status":"publish","type":"page","link":"https:\/\/www.beeduty.com\/de\/datenschutzrichtlinie\/","title":{"rendered":"Datenschutzrichtlinie"},"content":{"rendered":"<p data-pm-slice=\"1 1 []\">Auf dieser Seite werden die Methoden und Grunds\u00e4tze zur Verarbeitung personenbezogener Daten von Nutzern (im Folgenden auch als \u201eNutzer\u201c bezeichnet) beschrieben, die die Website <a>www.beeduty.com<\/a> (im Folgenden auch als \u201eWebsite\u201c bezeichnet) besuchen. Diese Datenschutzerkl\u00e4rung wird gem\u00e4\u00df Artikel 13 der DSGVO Nr. 679\/2016 und dem Gesetzesdekret 196\/2003 (Datenschutzkodex) allen Nutzern zur Verf\u00fcgung gestellt, die durch die Interaktion mit der Website ihre personenbezogenen Daten an **BEEDUTY** \u00fcbermitteln. Die G\u00fcltigkeit der hier enthaltenen Informationen beschr\u00e4nkt sich ausschlie\u00dflich auf die Website und erstreckt sich nicht auf andere Websites, die \u00fcber Hyperlinks zug\u00e4nglich sein k\u00f6nnen.  <\/p>\n<p>Der Verantwortliche f\u00fcr die Verarbeitung der gesammelten Daten ist: **BT Consulting S.r.l.**, mit Sitz in **Via Viani, 15 24026 Leffe (BG)** \u2013 Steuernummer und Umsatzsteuer-Identifikationsnummer: **04503440168** (im Folgenden \u201e**Verantwortlicher**\u201c genannt), der unter der E-Mail-Adresse [email] kontaktiert werden kann.  <\/p>\n<p>Die Verarbeitung von Daten im Zusammenhang mit dem **Kontaktformular f\u00fcr Informationsanfragen** erfolgt am Sitz des Unternehmens und wird mit elektronischen Werkzeugen unter Anwendung angemessener Sicherheitsma\u00dfnahmen durch das f\u00fcr die Datenverarbeitung zust\u00e4ndige Personal durchgef\u00fchrt.<\/p>\n<h2>Arten von Daten, Zwecke der Verarbeitung und Rechtsgrundlagen<\/h2>\n<p data-pm-slice=\"1 1 []\">Alle \u00fcber die Website bereitgestellten personenbezogenen Daten werden rechtm\u00e4\u00dfig und nach Treu und Glauben verarbeitet, um die angeforderten Dienstleistungen bereitzustellen sowie auf Anfragen und Mitteilungen der Nutzer zu antworten, stets im Rahmen der institutionellen Zwecke des Verantwortlichen.<\/p>\n<ol>\n<li data-pm-slice=\"1 1 []\"><strong>Freiwillig bereitgestellte Daten<\/strong><br \/>\n \tNutzer k\u00f6nnen Anfragen und Mitteilungen \u00fcber die auf der Website angegebenen Kontaktdaten senden. Die Bereitstellung dieser Daten ist nicht verpflichtend, jedoch erforderlich, um Anfragen zu beantworten und Feedback zu geben sowie den Absender f\u00fcr weitere Klarstellungen zu kontaktieren.<br \/>\n \tDaher wird dem Nutzer (betroffene Person) empfohlen, keine Anfragen zu senden oder die Angabe personenbezogener Daten auf ein Minimum zu beschr\u00e4nken, falls er keine Verarbeitung durch den Verantwortlichen w\u00fcnscht.<br \/>\n \tDie f\u00fcr diesen Zweck erhobenen Daten umfassen **Name, Vorname, E-Mail und Telefonnummer**.<br \/>\n \tDie Verarbeitung dieser Daten erfolgt auf Grundlage **vorvertraglicher oder vertraglicher Ma\u00dfnahmen gem\u00e4\u00df Artikel 6(1)(b) DSGVO**.<\/li>\n<li data-pm-slice=\"1 1 []\"><strong>Vom Nutzer f\u00fcr die Dienstleistungserbringung bereitgestellte Daten<\/strong><br \/>\n \tDurch die Registrierung und Aktivierung des Dienstes sind diese Daten f\u00fcr die Erbringung der Dienstleistung erforderlich (siehe **Allgemeine Gesch\u00e4ftsbedingungen**).<br \/>\n \tDas Fehlen der angeforderten Daten f\u00fchrt dazu, dass die Dienstleistung nicht erbracht werden kann und gesetzliche Verpflichtungen im Zusammenhang mit der erbrachten Dienstleistung (z. B. administrative und buchhalterische Verpflichtungen) nicht erf\u00fcllt werden k\u00f6nnen.<br \/>\n \tDie Verarbeitung dieser Daten basiert auf **vorvertraglichen oder vertraglichen Ma\u00dfnahmen sowie der Erf\u00fcllung gesetzlicher Pflichten gem\u00e4\u00df Artikel 6(1)(b)(c) DSGVO**.<\/li>\n<li data-pm-slice=\"1 1 []\"><strong>Verbindungsdaten<\/strong><br \/>\n \tDiese Kategorie umfasst **IP-Adressen oder Domainnamen** von Computern, die von Nutzern f\u00fcr den Zugriff auf die Website verwendet werden, **URI-Adressen (Uniform Resource Identifier)** der angeforderten Ressourcen, **Zeitpunkte der Anfragen**, Methoden zur \u00dcbermittlung der Anfragen an den Server, **Gr\u00f6\u00dfe der erhaltenen Dateien**, **Statuscodes der Serverantworten** (erfolgreich, Fehler etc.) und andere Parameter im Zusammenhang mit dem Betriebssystem und der IT-Umgebung des Nutzers.<br \/>\n \tVerbindungsdaten werden nicht zur Identifizierung von Nutzern verarbeitet, sondern nur zur **Erhebung anonymer statistischer Informationen \u00fcber die Nutzung der Website**, zur **\u00dcberpr\u00fcfung der ordnungsgem\u00e4\u00dfen Funktion der IT-Systeme** sowie ggf. zur **Feststellung von Verantwortlichkeiten bei hypothetischen Cyberangriffen** oder Sch\u00e4den f\u00fcr den Verantwortlichen oder Dritte.<br \/>\n \tSofern eine rechtswidrige Handlung festgestellt wird, kann es erforderlich sein, den T\u00e4ter zu identifizieren, um **Rechte in einem Gerichtsverfahren** durchzusetzen (sei es f\u00fcr den Verantwortlichen oder f\u00fcr Dritte, einschlie\u00dflich der betroffenen Person) gem\u00e4\u00df **Artikel 6(1)(f) DSGVO** oder auf Ersuchen von **Justiz- oder Strafverfolgungsbeh\u00f6rden**.<\/li>\n<li data-pm-slice=\"1 1 []\"><strong>F\u00fcr den Newsletter bereitgestellte Daten<\/strong><br \/>\n \tDurch die Anmeldung zum Newsletter erfolgt die Bereitstellung dieser Daten freiwillig, ist jedoch erforderlich, um **Informationen und Updates zu erhalten**.<br \/>\n \tDie Nichtbereitstellung dieser Daten f\u00fchrt dazu, dass der Newsletter nicht empfangen werden kann.<br \/>\n \tDie Anmeldung kann jederzeit \u00fcber den in jeder E-Mail enthaltenen Abmeldelink widerrufen werden.<br \/>\n \tDie f\u00fcr diesen Zweck erhobenen Daten umfassen **Name, Vorname und E-Mail**.<br \/>\n \tDie Verarbeitung dieser Daten erfolgt auf Grundlage **vorvertraglicher oder vertraglicher Ma\u00dfnahmen gem\u00e4\u00df Artikel 6(1)(b) DSGVO**.<\/li>\n<li data-pm-slice=\"1 1 []\"><strong>Standortbezogene Interaktionen<\/strong><br \/>\n \tNicht-kontinuierliche Geolokalisierung, verwendete Daten: **geografischer Standort**.<br \/>\n \tDie Verarbeitung dieser Daten erfolgt auf Grundlage der **Einwilligung der betroffenen Person gem\u00e4\u00df Artikel 6(1)(a) DSGVO**.<br \/>\n \tEine Verweigerung hat keine Folgen, au\u00dfer dass die Interaktion mit ortsbezogenen Informationen oder Dienstleistungen innerhalb der App nicht m\u00f6glich ist.<\/li>\n<li data-pm-slice=\"1 1 []\"><strong>Anzeigen von Inhalten externer Plattformen<\/strong><br \/>\n \tGoogle Maps Widget, YouTube Video Widget und Google Fonts, verwendete Daten: **Cookies und Nutzungsdaten**.<br \/>\n \tDie Verarbeitung dieser Daten erfolgt auf Grundlage der **Einwilligung der betroffenen Person gem\u00e4\u00df Artikel 6(1)(a) DSGVO**.<br \/>\n \tEine Verweigerung hat keine Folgen, au\u00dfer dass Inhalte externer Plattformen nicht angezeigt werden k\u00f6nnen.<\/li>\n<\/ol>\n<h2>Weitergabe, Offenlegung und \u00dcbermittlung von Daten<\/h2>\n<p>Personenbezogene Daten werden nicht weitergegeben und k\u00f6nnen nur an **zust\u00e4ndige Beh\u00f6rden oder \u00f6ffentliche\/private Stellen** weitergeleitet werden, um gesetzliche Verpflichtungen zu erf\u00fcllen.<br \/>\nZudem k\u00f6nnen sie an Unternehmen oder Fachleute \u00fcbermittelt werden, die der Verantwortliche zur Wahrung seiner Rechte beauftragt hat (z. B. Steuerberater, Rechtsanw\u00e4lte, Wirtschaftspr\u00fcfer).<br \/>\nPersonenbezogene Daten werden **nicht au\u00dferhalb der EU oder des Europ\u00e4ischen Wirtschaftsraums (EWR) \u00fcbermittelt**.<\/p>\n<h2>Speicherfristen<\/h2>\n<p>Die Aufbewahrungsdauer h\u00e4ngt von den Zwecken der Verarbeitung ab. Kriterien sind unter anderem:<\/p>\n<ul>\n<li>Verwaltung des Vertragsverh\u00e4ltnisses mit dem Nutzer,<\/li>\n<li>Bearbeitung von Beschwerden oder speziellen Anfragen,<\/li>\n<li>Durchsetzung von Rechten vor Gericht,<\/li>\n<li>Einhaltung gesetzlicher Verpflichtungen (z. B. Aufbewahrungsfristen).<\/li>\n<\/ul>\n<h2>Rechte des Nutzers<\/h2>\n<p>Der Nutzer kann gem\u00e4\u00df **Artikel 15\u201322 und 77 DSGVO** folgende Rechte aus\u00fcben:<\/p>\n<ul>\n<li>Auskunftsrecht,<\/li>\n<li>Recht auf Berichtigung,<\/li>\n<li>Recht auf L\u00f6schung,<\/li>\n<li>Widerspruchsrecht,<\/li>\n<li>Beschwerderecht bei einer Aufsichtsbeh\u00f6rde.<\/li>\n<\/ul>\n<p>Anfragen sind an <a>app@beeduty.com<\/a> zu richten.<\/p>\n","protected":false},"excerpt":{"rendered":"<p>Auf dieser Seite werden die Methoden und Grunds\u00e4tze zur Verarbeitung personenbezogener Daten von Nutzern (im Folgenden auch als \u201eNutzer\u201c bezeichnet) beschrieben, die die Website www.beeduty.com (im Folgenden auch als \u201eWebsite\u201c bezeichnet) besuchen. Diese Datenschutzerkl\u00e4rung wird gem\u00e4\u00df Artikel 13 der DSGVO Nr. 679\/2016 und dem Gesetzesdekret 196\/2003 (Datenschutzkodex) allen Nutzern zur Verf\u00fcgung gestellt, die durch die [&hellip;]<\/p>\n","protected":false},"author":2,"featured_media":0,"parent":0,"menu_order":0,"comment_status":"closed","ping_status":"closed","template":"page-templates\/page-sidebar-none.php","meta":{"footnotes":""},"class_list":["post-35282","page","type-page","status-publish","hentry"],"acf":[],"yoast_head":"<!-- This site is optimized with the Yoast SEO plugin v24.6 - https:\/\/yoast.com\/wordpress\/plugins\/seo\/ -->\n<title>Datenschutzrichtlinie - BEEDUTY<\/title>\n<meta name=\"robots\" content=\"index, follow, max-snippet:-1, max-image-preview:large, max-video-preview:-1\" \/>\n<link rel=\"canonical\" href=\"https:\/\/www.beeduty.com\/de\/datenschutzrichtlinie\/\" \/>\n<meta property=\"og:locale\" content=\"de_DE\" \/>\n<meta property=\"og:type\" content=\"article\" \/>\n<meta property=\"og:title\" content=\"Datenschutzrichtlinie - BEEDUTY\" \/>\n<meta property=\"og:description\" content=\"Auf dieser Seite werden die Methoden und Grunds\u00e4tze zur Verarbeitung personenbezogener Daten von Nutzern (im Folgenden auch als \u201eNutzer\u201c bezeichnet) beschrieben, die die Website www.beeduty.com (im Folgenden auch als \u201eWebsite\u201c bezeichnet) besuchen. Diese Datenschutzerkl\u00e4rung wird gem\u00e4\u00df Artikel 13 der DSGVO Nr. 679\/2016 und dem Gesetzesdekret 196\/2003 (Datenschutzkodex) allen Nutzern zur Verf\u00fcgung gestellt, die durch die [&hellip;]\" \/>\n<meta property=\"og:url\" content=\"https:\/\/www.beeduty.com\/de\/datenschutzrichtlinie\/\" \/>\n<meta property=\"og:site_name\" content=\"BEEDUTY\" \/>\n<meta property=\"article:modified_time\" content=\"2025-02-25T11:19:08+00:00\" \/>\n<meta name=\"twitter:card\" content=\"summary_large_image\" \/>\n<script type=\"application\/ld+json\" class=\"yoast-schema-graph\">{\"@context\":\"https:\/\/schema.org\",\"@graph\":[{\"@type\":\"WebPage\",\"@id\":\"https:\/\/www.beeduty.com\/de\/datenschutzrichtlinie\/\",\"url\":\"https:\/\/www.beeduty.com\/de\/datenschutzrichtlinie\/\",\"name\":\"Datenschutzrichtlinie - BEEDUTY\",\"isPartOf\":{\"@id\":\"https:\/\/www.beeduty.com\/de\/en\/#website\"},\"datePublished\":\"2018-05-28T07:12:21+00:00\",\"dateModified\":\"2025-02-25T11:19:08+00:00\",\"breadcrumb\":{\"@id\":\"https:\/\/www.beeduty.com\/de\/datenschutzrichtlinie\/#breadcrumb\"},\"inLanguage\":\"de\",\"potentialAction\":[{\"@type\":\"ReadAction\",\"target\":[\"https:\/\/www.beeduty.com\/de\/datenschutzrichtlinie\/\"]}]},{\"@type\":\"BreadcrumbList\",\"@id\":\"https:\/\/www.beeduty.com\/de\/datenschutzrichtlinie\/#breadcrumb\",\"itemListElement\":[{\"@type\":\"ListItem\",\"position\":1,\"name\":\"Home\",\"item\":\"https:\/\/www.beeduty.com\/de\/\"},{\"@type\":\"ListItem\",\"position\":2,\"name\":\"Datenschutzrichtlinie\"}]},{\"@type\":\"WebSite\",\"@id\":\"https:\/\/www.beeduty.com\/de\/en\/#website\",\"url\":\"https:\/\/www.beeduty.com\/de\/en\/\",\"name\":\"BeeDuty\",\"description\":\"La nuova APP per i tuoi Rapportini di Intervento\",\"publisher\":{\"@id\":\"https:\/\/www.beeduty.com\/de\/en\/#organization\"},\"potentialAction\":[{\"@type\":\"SearchAction\",\"target\":{\"@type\":\"EntryPoint\",\"urlTemplate\":\"https:\/\/www.beeduty.com\/de\/en\/?s={search_term_string}\"},\"query-input\":{\"@type\":\"PropertyValueSpecification\",\"valueRequired\":true,\"valueName\":\"search_term_string\"}}],\"inLanguage\":\"de\"},{\"@type\":\"Organization\",\"@id\":\"https:\/\/www.beeduty.com\/de\/en\/#organization\",\"name\":\"BeeDuty\",\"url\":\"https:\/\/www.beeduty.com\/de\/en\/\",\"logo\":{\"@type\":\"ImageObject\",\"inLanguage\":\"de\",\"@id\":\"https:\/\/www.beeduty.com\/de\/en\/#\/schema\/logo\/image\/\",\"url\":\"https:\/\/www.beeduty.com\/wp-content\/uploads\/2025\/01\/logonome.png\",\"contentUrl\":\"https:\/\/www.beeduty.com\/wp-content\/uploads\/2025\/01\/logonome.png\",\"width\":644,\"height\":176,\"caption\":\"BeeDuty\"},\"image\":{\"@id\":\"https:\/\/www.beeduty.com\/de\/en\/#\/schema\/logo\/image\/\"}}]}<\/script>\n<!-- \/ Yoast SEO plugin. -->","yoast_head_json":{"title":"Datenschutzrichtlinie - BEEDUTY","robots":{"index":"index","follow":"follow","max-snippet":"max-snippet:-1","max-image-preview":"max-image-preview:large","max-video-preview":"max-video-preview:-1"},"canonical":"https:\/\/www.beeduty.com\/de\/datenschutzrichtlinie\/","og_locale":"de_DE","og_type":"article","og_title":"Datenschutzrichtlinie - BEEDUTY","og_description":"Auf dieser Seite werden die Methoden und Grunds\u00e4tze zur Verarbeitung personenbezogener Daten von Nutzern (im Folgenden auch als \u201eNutzer\u201c bezeichnet) beschrieben, die die Website www.beeduty.com (im Folgenden auch als \u201eWebsite\u201c bezeichnet) besuchen. Diese Datenschutzerkl\u00e4rung wird gem\u00e4\u00df Artikel 13 der DSGVO Nr. 679\/2016 und dem Gesetzesdekret 196\/2003 (Datenschutzkodex) allen Nutzern zur Verf\u00fcgung gestellt, die durch die [&hellip;]","og_url":"https:\/\/www.beeduty.com\/de\/datenschutzrichtlinie\/","og_site_name":"BEEDUTY","article_modified_time":"2025-02-25T11:19:08+00:00","twitter_card":"summary_large_image","schema":{"@context":"https:\/\/schema.org","@graph":[{"@type":"WebPage","@id":"https:\/\/www.beeduty.com\/de\/datenschutzrichtlinie\/","url":"https:\/\/www.beeduty.com\/de\/datenschutzrichtlinie\/","name":"Datenschutzrichtlinie - BEEDUTY","isPartOf":{"@id":"https:\/\/www.beeduty.com\/de\/en\/#website"},"datePublished":"2018-05-28T07:12:21+00:00","dateModified":"2025-02-25T11:19:08+00:00","breadcrumb":{"@id":"https:\/\/www.beeduty.com\/de\/datenschutzrichtlinie\/#breadcrumb"},"inLanguage":"de","potentialAction":[{"@type":"ReadAction","target":["https:\/\/www.beeduty.com\/de\/datenschutzrichtlinie\/"]}]},{"@type":"BreadcrumbList","@id":"https:\/\/www.beeduty.com\/de\/datenschutzrichtlinie\/#breadcrumb","itemListElement":[{"@type":"ListItem","position":1,"name":"Home","item":"https:\/\/www.beeduty.com\/de\/"},{"@type":"ListItem","position":2,"name":"Datenschutzrichtlinie"}]},{"@type":"WebSite","@id":"https:\/\/www.beeduty.com\/de\/en\/#website","url":"https:\/\/www.beeduty.com\/de\/en\/","name":"BeeDuty","description":"La nuova APP per i tuoi Rapportini di Intervento","publisher":{"@id":"https:\/\/www.beeduty.com\/de\/en\/#organization"},"potentialAction":[{"@type":"SearchAction","target":{"@type":"EntryPoint","urlTemplate":"https:\/\/www.beeduty.com\/de\/en\/?s={search_term_string}"},"query-input":{"@type":"PropertyValueSpecification","valueRequired":true,"valueName":"search_term_string"}}],"inLanguage":"de"},{"@type":"Organization","@id":"https:\/\/www.beeduty.com\/de\/en\/#organization","name":"BeeDuty","url":"https:\/\/www.beeduty.com\/de\/en\/","logo":{"@type":"ImageObject","inLanguage":"de","@id":"https:\/\/www.beeduty.com\/de\/en\/#\/schema\/logo\/image\/","url":"https:\/\/www.beeduty.com\/wp-content\/uploads\/2025\/01\/logonome.png","contentUrl":"https:\/\/www.beeduty.com\/wp-content\/uploads\/2025\/01\/logonome.png","width":644,"height":176,"caption":"BeeDuty"},"image":{"@id":"https:\/\/www.beeduty.com\/de\/en\/#\/schema\/logo\/image\/"}}]}},"_links":{"self":[{"href":"https:\/\/www.beeduty.com\/de\/wp-json\/wp\/v2\/pages\/35282","targetHints":{"allow":["GET"]}}],"collection":[{"href":"https:\/\/www.beeduty.com\/de\/wp-json\/wp\/v2\/pages"}],"about":[{"href":"https:\/\/www.beeduty.com\/de\/wp-json\/wp\/v2\/types\/page"}],"author":[{"embeddable":true,"href":"https:\/\/www.beeduty.com\/de\/wp-json\/wp\/v2\/users\/2"}],"replies":[{"embeddable":true,"href":"https:\/\/www.beeduty.com\/de\/wp-json\/wp\/v2\/comments?post=35282"}],"version-history":[{"count":1,"href":"https:\/\/www.beeduty.com\/de\/wp-json\/wp\/v2\/pages\/35282\/revisions"}],"predecessor-version":[{"id":35283,"href":"https:\/\/www.beeduty.com\/de\/wp-json\/wp\/v2\/pages\/35282\/revisions\/35283"}],"wp:attachment":[{"href":"https:\/\/www.beeduty.com\/de\/wp-json\/wp\/v2\/media?parent=35282"}],"curies":[{"name":"wp","href":"https:\/\/api.w.org\/{rel}","templated":true}]}}