{"id":35132,"date":"2022-04-11T15:00:16","date_gmt":"2022-04-11T13:00:16","guid":{"rendered":"https:\/\/www.beeduty.com\/?page_id=35132"},"modified":"2025-02-24T14:53:16","modified_gmt":"2025-02-24T13:53:16","slug":"cookie-richtlinie","status":"publish","type":"page","link":"https:\/\/www.beeduty.com\/de\/cookie-richtlinie\/","title":{"rendered":"Cookie-Richtlinie"},"content":{"rendered":"<div class=\"cli_pg_page_contaner\">\r\n<h3>Informationen zu dieser Cookie-Richtlinie<\/h3>\r\nDiese Cookie-Richtlinie erkl\u00e4rt, was Cookies sind, wie wir sie verwenden, welche Arten von Cookies wir verwenden \u2013 das hei\u00dft, welche Informationen wir mithilfe von Cookies sammeln und wie diese Informationen verwendet werden \u2013 und wie Sie Ihre Cookie-Einstellungen steuern k\u00f6nnen. Weitere Einzelheiten dazu, wie wir Ihre personenbezogenen Daten verwenden, speichern und sch\u00fctzen, finden Sie in unserer Datenschutzrichtlinie. Sie k\u00f6nnen Ihre Einwilligung jederzeit in der Cookie-Erkl\u00e4rung auf unserer Website \u00e4ndern oder widerrufen. Erfahren Sie in unserer Datenschutzrichtlinie mehr dar\u00fcber, wer wir sind, wie Sie uns kontaktieren k\u00f6nnen und wie wir personenbezogene Daten verarbeiten. Ihre Einwilligung gilt f\u00fcr die folgenden Dom\u00e4nen: www.beeduty.com[user_consent_state]\r\n<h3>Was sind Cookies?<\/h3>\r\nCookies sind kleine Textdateien, in denen kleine Informationen gespeichert werden. Sie werden auf Ihrem Ger\u00e4t gespeichert, wenn die Website in Ihrem Browser geladen wird. Diese Cookies helfen uns dabei, die ordnungsgem\u00e4\u00dfe Funktion der Website sicherzustellen, sie sicherer zu machen, eine bessere Benutzererfahrung zu bieten und zu verstehen, wie die Website funktioniert und wo Verbesserungen erforderlich sind.\r\n<h3>Wie verwenden wir Cookies?<\/h3>\r\nWie die meisten Onlinedienste verwendet unsere Website sowohl Erstanbieter- als auch Drittanbieter-Cookies f\u00fcr verschiedene Zwecke. Erstanbieter-Cookies sind in erster Linie f\u00fcr die ordnungsgem\u00e4\u00dfe Funktion der Website erforderlich und erfassen keine personenbezogenen Daten. Drittanbieter-Cookies helfen uns bei der Analyse der Leistung der Website, Ihrer Interaktion mit ihr, der Gew\u00e4hrleistung der Sicherheit unserer Dienste, der Bereitstellung relevanter Werbung und der Verbesserung Ihres allgemeinen Benutzererlebnisses durch schnellere zuk\u00fcnftige Interaktionen.\r\n<h3>Welche Arten von Cookies verwenden wir?<\/h3>\r\nUnverzichtbar: Einige Cookies sind f\u00fcr die volle Funktionalit\u00e4t unserer Website unerl\u00e4sslich. Sie erm\u00f6glichen uns die Aufrechterhaltung von Benutzersitzungen und die Verhinderung von Sicherheitsbedrohungen. Diese Cookies erfassen oder speichern keine personenbezogenen Daten. Sie erm\u00f6glichen Ihnen beispielsweise, sich in Ihr Konto einzuloggen, Produkte in Ihren Einkaufswagen zu legen und einen sicheren Checkout durchzuf\u00fchren. Statistiken: Diese Cookies speichern Informationen wie die Anzahl der Besucher der Website, die Anzahl eindeutiger Besucher, welche Seiten besucht wurden, die Quelle des Besuchs und andere Analysedaten. Dies hilft uns, die Website-Leistung und Verbesserungsbereiche zu verstehen und zu analysieren. Marketing: Auf unserer Website werden Werbungen angezeigt. Diese Cookies werden verwendet, um die Ihnen angezeigten Anzeigen zu personalisieren und sie f\u00fcr Sie relevanter zu machen. Sie helfen auch dabei, die Effektivit\u00e4t von Werbekampagnen zu verfolgen. Die in diesen Cookies gespeicherten Informationen k\u00f6nnen auch von Drittanbietern verwendet werden, um Anzeigen auf anderen Websites in Ihrem Browser anzuzeigen. Funktional: Diese Cookies unterst\u00fctzen bestimmte nicht unbedingt erforderliche Funktionen auf unserer Website, wie das Einbetten von Videos oder das Teilen von Inhalten auf Social-Media-Plattformen. Einstellungen: Diese Cookies speichern Ihre Einstellungen und Browsereinstellungen, wie z. B. Spracheinstellungen, um Ihnen bei zuk\u00fcnftigen Besuchen ein besseres und effizienteres Erlebnis zu bieten.\r\n<h3>[cookie_audit]\r\nWie kann ich meine Cookie-Einstellungen steuern?<\/h3>\r\nWenn Sie Ihre Einstellungen sp\u00e4ter w\u00e4hrend Ihrer Browsersitzung \u00e4ndern m\u00f6chten, k\u00f6nnen Sie auf Ihrem Bildschirm auf die Registerkarte \u201eDatenschutz- und Cookie-Richtlinie\u201c klicken. Dadurch wird die Zustimmungsmitteilung erneut ge\u00f6ffnet, sodass Sie Ihre Einstellungen \u00e4ndern oder Ihre Zustimmung vollst\u00e4ndig widerrufen k\u00f6nnen. Dar\u00fcber hinaus bieten verschiedene Browser verschiedene Methoden zum Blockieren und L\u00f6schen von Cookies, die von Websites verwendet werden. Sie k\u00f6nnen Ihre Browsereinstellungen anpassen, um Cookies zu blockieren oder zu l\u00f6schen. Weitere Informationen zum Verwalten und L\u00f6schen von Cookies finden Sie unter: Wikipedia.org www.allaboutcookies.org\r\n\r\n<\/div>\r\n<div><\/div>\r\n\r\n<figure class=\"wp-block-table aligncenter is-style-stripes has-medium-font-size\">\r\n<table class=\"has-black-color has-text-color\">\r\n<thead>\r\n<tr>\r\n<th>#<\/th>\r\n<th>BROWSER<\/th>\r\n<\/tr>\r\n<\/thead>\r\n<tbody>\r\n<tr>\r\n<td><a href=\"https:\/\/support.microsoft.com\/it-it\/windows\/eliminare-e-gestire-i-cookie-168dab11-0753-043d-7c16-ede5947fc64d\" target=\"_blank\" rel=\"noreferrer noopener\"><img loading=\"lazy\" decoding=\"async\" width=\"40\" height=\"40\" class=\"wp-image-32945\" style=\"width: 40px;\" src=\"https:\/\/www.rapportinilavoro.it\/wp-content\/uploads\/2023\/05\/download-e1684761061626.png\" alt=\"\" srcset=\"https:\/\/www.beeduty.com\/wp-content\/uploads\/2023\/05\/download-e1684761061626.png 195w, https:\/\/www.beeduty.com\/wp-content\/uploads\/2023\/05\/download-e1684761061626-150x150.png 150w\" sizes=\"auto, (max-width: 40px) 100vw, 40px\" \/><\/a><\/td>\r\n<td>Microsoft Edge<\/td>\r\n<\/tr>\r\n<tr>\r\n<td><a href=\"https:\/\/support.google.com\/chrome\/answer\/95647?hl=it&amp;topic=14666&amp;ctx=topic\" target=\"_blank\" rel=\"noreferrer noopener\"><img loading=\"lazy\" decoding=\"async\" width=\"40\" height=\"40\" class=\"wp-image-32944\" style=\"width: 40px;\" src=\"https:\/\/www.rapportinilavoro.it\/wp-content\/uploads\/2023\/05\/download-1-e1684761146216.jpg\" alt=\"\" srcset=\"https:\/\/www.beeduty.com\/wp-content\/uploads\/2023\/05\/download-1-e1684761146216.jpg 187w, https:\/\/www.beeduty.com\/wp-content\/uploads\/2023\/05\/download-1-e1684761146216-150x150.jpg 150w\" sizes=\"auto, (max-width: 40px) 100vw, 40px\" \/><\/a><\/td>\r\n<td>Chrome<\/td>\r\n<\/tr>\r\n<tr>\r\n<td><a href=\"https:\/\/support.apple.com\/it-it\/HT201265\" target=\"_blank\" rel=\"noreferrer noopener\"><img loading=\"lazy\" decoding=\"async\" width=\"40\" height=\"40\" class=\"wp-image-32943\" style=\"width: 40px;\" src=\"https:\/\/www.rapportinilavoro.it\/wp-content\/uploads\/2023\/05\/download.jpg\" alt=\"\" srcset=\"https:\/\/www.beeduty.com\/wp-content\/uploads\/2023\/05\/download.jpg 225w, https:\/\/www.beeduty.com\/wp-content\/uploads\/2023\/05\/download-150x150.jpg 150w\" sizes=\"auto, (max-width: 40px) 100vw, 40px\" \/><\/a><\/td>\r\n<td>Safari<\/td>\r\n<\/tr>\r\n<tr>\r\n<td><a href=\"https:\/\/support.mozilla.org\/it\/kb\/Gestione%20dei%20cookie\" target=\"_blank\" rel=\"noreferrer noopener\"><img loading=\"lazy\" decoding=\"async\" width=\"40\" height=\"40\" class=\"wp-image-32942\" style=\"width: 40px;\" src=\"https:\/\/www.rapportinilavoro.it\/wp-content\/uploads\/2023\/05\/2020-04-14-08-36-13-8dda6f.png\" alt=\"\" srcset=\"https:\/\/www.beeduty.com\/wp-content\/uploads\/2023\/05\/2020-04-14-08-36-13-8dda6f.png 168w, https:\/\/www.beeduty.com\/wp-content\/uploads\/2023\/05\/2020-04-14-08-36-13-8dda6f-150x150.png 150w\" sizes=\"auto, (max-width: 40px) 100vw, 40px\" \/><\/a><\/td>\r\n<td>Firefox<\/td>\r\n<\/tr>\r\n<\/tbody>\r\n<\/table>\r\n<\/figure>\r\n\r\n\r\n\r\n\r\n&nbsp;\r\n\r\n","protected":false},"excerpt":{"rendered":"<p>Informationen zu dieser Cookie-Richtlinie Diese Cookie-Richtlinie erkl\u00e4rt, was Cookies sind, wie wir sie verwenden, welche Arten von Cookies wir verwenden \u2013 das hei\u00dft, welche Informationen wir mithilfe von Cookies sammeln und wie diese Informationen verwendet werden \u2013 und wie Sie Ihre Cookie-Einstellungen steuern k\u00f6nnen. Weitere Einzelheiten dazu, wie wir Ihre personenbezogenen Daten verwenden, speichern und [&hellip;]<\/p>\n","protected":false},"author":2,"featured_media":0,"parent":0,"menu_order":0,"comment_status":"closed","ping_status":"closed","template":"page-templates\/page-sidebar-none.php","meta":{"footnotes":""},"class_list":["post-35132","page","type-page","status-publish","hentry"],"acf":[],"yoast_head":"<!-- This site is optimized with the Yoast SEO plugin v24.6 - https:\/\/yoast.com\/wordpress\/plugins\/seo\/ -->\n<title>Cookie-Richtlinie - BEEDUTY<\/title>\n<meta name=\"robots\" content=\"index, follow, max-snippet:-1, max-image-preview:large, max-video-preview:-1\" \/>\n<link rel=\"canonical\" href=\"https:\/\/www.beeduty.com\/de\/cookie-richtlinie\/\" \/>\n<meta property=\"og:locale\" content=\"de_DE\" \/>\n<meta property=\"og:type\" content=\"article\" \/>\n<meta property=\"og:title\" content=\"Cookie-Richtlinie - BEEDUTY\" \/>\n<meta property=\"og:description\" content=\"Informationen zu dieser Cookie-Richtlinie Diese Cookie-Richtlinie erkl\u00e4rt, was Cookies sind, wie wir sie verwenden, welche Arten von Cookies wir verwenden \u2013 das hei\u00dft, welche Informationen wir mithilfe von Cookies sammeln und wie diese Informationen verwendet werden \u2013 und wie Sie Ihre Cookie-Einstellungen steuern k\u00f6nnen. Weitere Einzelheiten dazu, wie wir Ihre personenbezogenen Daten verwenden, speichern und [&hellip;]\" \/>\n<meta property=\"og:url\" content=\"https:\/\/www.beeduty.com\/de\/cookie-richtlinie\/\" \/>\n<meta property=\"og:site_name\" content=\"BEEDUTY\" \/>\n<meta property=\"article:modified_time\" content=\"2025-02-24T13:53:16+00:00\" \/>\n<meta property=\"og:image\" content=\"https:\/\/www.beeduty.com\/wp-content\/uploads\/2023\/05\/download-e1684761061626.png\" \/>\n\t<meta property=\"og:image:width\" content=\"195\" \/>\n\t<meta property=\"og:image:height\" content=\"195\" \/>\n\t<meta property=\"og:image:type\" content=\"image\/png\" \/>\n<meta name=\"twitter:card\" content=\"summary_large_image\" \/>\n<meta name=\"twitter:label1\" content=\"Gesch\u00e4tzte Lesezeit\" \/>\n\t<meta name=\"twitter:data1\" content=\"4\u00a0Minuten\" \/>\n<script type=\"application\/ld+json\" class=\"yoast-schema-graph\">{\"@context\":\"https:\/\/schema.org\",\"@graph\":[{\"@type\":\"WebPage\",\"@id\":\"https:\/\/www.beeduty.com\/de\/cookie-richtlinie\/\",\"url\":\"https:\/\/www.beeduty.com\/de\/cookie-richtlinie\/\",\"name\":\"Cookie-Richtlinie - BEEDUTY\",\"isPartOf\":{\"@id\":\"https:\/\/www.beeduty.com\/de\/en\/#website\"},\"primaryImageOfPage\":{\"@id\":\"https:\/\/www.beeduty.com\/de\/cookie-richtlinie\/#primaryimage\"},\"image\":{\"@id\":\"https:\/\/www.beeduty.com\/de\/cookie-richtlinie\/#primaryimage\"},\"thumbnailUrl\":\"https:\/\/www.rapportinilavoro.it\/wp-content\/uploads\/2023\/05\/download-e1684761061626.png\",\"datePublished\":\"2022-04-11T13:00:16+00:00\",\"dateModified\":\"2025-02-24T13:53:16+00:00\",\"breadcrumb\":{\"@id\":\"https:\/\/www.beeduty.com\/de\/cookie-richtlinie\/#breadcrumb\"},\"inLanguage\":\"de\",\"potentialAction\":[{\"@type\":\"ReadAction\",\"target\":[\"https:\/\/www.beeduty.com\/de\/cookie-richtlinie\/\"]}]},{\"@type\":\"ImageObject\",\"inLanguage\":\"de\",\"@id\":\"https:\/\/www.beeduty.com\/de\/cookie-richtlinie\/#primaryimage\",\"url\":\"https:\/\/www.rapportinilavoro.it\/wp-content\/uploads\/2023\/05\/download-e1684761061626.png\",\"contentUrl\":\"https:\/\/www.rapportinilavoro.it\/wp-content\/uploads\/2023\/05\/download-e1684761061626.png\"},{\"@type\":\"BreadcrumbList\",\"@id\":\"https:\/\/www.beeduty.com\/de\/cookie-richtlinie\/#breadcrumb\",\"itemListElement\":[{\"@type\":\"ListItem\",\"position\":1,\"name\":\"Home\",\"item\":\"https:\/\/www.beeduty.com\/de\/\"},{\"@type\":\"ListItem\",\"position\":2,\"name\":\"Cookie-Richtlinie\"}]},{\"@type\":\"WebSite\",\"@id\":\"https:\/\/www.beeduty.com\/de\/en\/#website\",\"url\":\"https:\/\/www.beeduty.com\/de\/en\/\",\"name\":\"BeeDuty\",\"description\":\"La nuova APP per i tuoi Rapportini di Intervento\",\"publisher\":{\"@id\":\"https:\/\/www.beeduty.com\/de\/en\/#organization\"},\"potentialAction\":[{\"@type\":\"SearchAction\",\"target\":{\"@type\":\"EntryPoint\",\"urlTemplate\":\"https:\/\/www.beeduty.com\/de\/en\/?s={search_term_string}\"},\"query-input\":{\"@type\":\"PropertyValueSpecification\",\"valueRequired\":true,\"valueName\":\"search_term_string\"}}],\"inLanguage\":\"de\"},{\"@type\":\"Organization\",\"@id\":\"https:\/\/www.beeduty.com\/de\/en\/#organization\",\"name\":\"BeeDuty\",\"url\":\"https:\/\/www.beeduty.com\/de\/en\/\",\"logo\":{\"@type\":\"ImageObject\",\"inLanguage\":\"de\",\"@id\":\"https:\/\/www.beeduty.com\/de\/en\/#\/schema\/logo\/image\/\",\"url\":\"https:\/\/www.beeduty.com\/wp-content\/uploads\/2025\/01\/logonome.png\",\"contentUrl\":\"https:\/\/www.beeduty.com\/wp-content\/uploads\/2025\/01\/logonome.png\",\"width\":644,\"height\":176,\"caption\":\"BeeDuty\"},\"image\":{\"@id\":\"https:\/\/www.beeduty.com\/de\/en\/#\/schema\/logo\/image\/\"}}]}<\/script>\n<!-- \/ Yoast SEO plugin. -->","yoast_head_json":{"title":"Cookie-Richtlinie - BEEDUTY","robots":{"index":"index","follow":"follow","max-snippet":"max-snippet:-1","max-image-preview":"max-image-preview:large","max-video-preview":"max-video-preview:-1"},"canonical":"https:\/\/www.beeduty.com\/de\/cookie-richtlinie\/","og_locale":"de_DE","og_type":"article","og_title":"Cookie-Richtlinie - BEEDUTY","og_description":"Informationen zu dieser Cookie-Richtlinie Diese Cookie-Richtlinie erkl\u00e4rt, was Cookies sind, wie wir sie verwenden, welche Arten von Cookies wir verwenden \u2013 das hei\u00dft, welche Informationen wir mithilfe von Cookies sammeln und wie diese Informationen verwendet werden \u2013 und wie Sie Ihre Cookie-Einstellungen steuern k\u00f6nnen. Weitere Einzelheiten dazu, wie wir Ihre personenbezogenen Daten verwenden, speichern und [&hellip;]","og_url":"https:\/\/www.beeduty.com\/de\/cookie-richtlinie\/","og_site_name":"BEEDUTY","article_modified_time":"2025-02-24T13:53:16+00:00","og_image":[{"width":195,"height":195,"url":"https:\/\/www.beeduty.com\/wp-content\/uploads\/2023\/05\/download-e1684761061626.png","type":"image\/png"}],"twitter_card":"summary_large_image","twitter_misc":{"Gesch\u00e4tzte Lesezeit":"4\u00a0Minuten"},"schema":{"@context":"https:\/\/schema.org","@graph":[{"@type":"WebPage","@id":"https:\/\/www.beeduty.com\/de\/cookie-richtlinie\/","url":"https:\/\/www.beeduty.com\/de\/cookie-richtlinie\/","name":"Cookie-Richtlinie - BEEDUTY","isPartOf":{"@id":"https:\/\/www.beeduty.com\/de\/en\/#website"},"primaryImageOfPage":{"@id":"https:\/\/www.beeduty.com\/de\/cookie-richtlinie\/#primaryimage"},"image":{"@id":"https:\/\/www.beeduty.com\/de\/cookie-richtlinie\/#primaryimage"},"thumbnailUrl":"https:\/\/www.rapportinilavoro.it\/wp-content\/uploads\/2023\/05\/download-e1684761061626.png","datePublished":"2022-04-11T13:00:16+00:00","dateModified":"2025-02-24T13:53:16+00:00","breadcrumb":{"@id":"https:\/\/www.beeduty.com\/de\/cookie-richtlinie\/#breadcrumb"},"inLanguage":"de","potentialAction":[{"@type":"ReadAction","target":["https:\/\/www.beeduty.com\/de\/cookie-richtlinie\/"]}]},{"@type":"ImageObject","inLanguage":"de","@id":"https:\/\/www.beeduty.com\/de\/cookie-richtlinie\/#primaryimage","url":"https:\/\/www.rapportinilavoro.it\/wp-content\/uploads\/2023\/05\/download-e1684761061626.png","contentUrl":"https:\/\/www.rapportinilavoro.it\/wp-content\/uploads\/2023\/05\/download-e1684761061626.png"},{"@type":"BreadcrumbList","@id":"https:\/\/www.beeduty.com\/de\/cookie-richtlinie\/#breadcrumb","itemListElement":[{"@type":"ListItem","position":1,"name":"Home","item":"https:\/\/www.beeduty.com\/de\/"},{"@type":"ListItem","position":2,"name":"Cookie-Richtlinie"}]},{"@type":"WebSite","@id":"https:\/\/www.beeduty.com\/de\/en\/#website","url":"https:\/\/www.beeduty.com\/de\/en\/","name":"BeeDuty","description":"La nuova APP per i tuoi Rapportini di Intervento","publisher":{"@id":"https:\/\/www.beeduty.com\/de\/en\/#organization"},"potentialAction":[{"@type":"SearchAction","target":{"@type":"EntryPoint","urlTemplate":"https:\/\/www.beeduty.com\/de\/en\/?s={search_term_string}"},"query-input":{"@type":"PropertyValueSpecification","valueRequired":true,"valueName":"search_term_string"}}],"inLanguage":"de"},{"@type":"Organization","@id":"https:\/\/www.beeduty.com\/de\/en\/#organization","name":"BeeDuty","url":"https:\/\/www.beeduty.com\/de\/en\/","logo":{"@type":"ImageObject","inLanguage":"de","@id":"https:\/\/www.beeduty.com\/de\/en\/#\/schema\/logo\/image\/","url":"https:\/\/www.beeduty.com\/wp-content\/uploads\/2025\/01\/logonome.png","contentUrl":"https:\/\/www.beeduty.com\/wp-content\/uploads\/2025\/01\/logonome.png","width":644,"height":176,"caption":"BeeDuty"},"image":{"@id":"https:\/\/www.beeduty.com\/de\/en\/#\/schema\/logo\/image\/"}}]}},"_links":{"self":[{"href":"https:\/\/www.beeduty.com\/de\/wp-json\/wp\/v2\/pages\/35132","targetHints":{"allow":["GET"]}}],"collection":[{"href":"https:\/\/www.beeduty.com\/de\/wp-json\/wp\/v2\/pages"}],"about":[{"href":"https:\/\/www.beeduty.com\/de\/wp-json\/wp\/v2\/types\/page"}],"author":[{"embeddable":true,"href":"https:\/\/www.beeduty.com\/de\/wp-json\/wp\/v2\/users\/2"}],"replies":[{"embeddable":true,"href":"https:\/\/www.beeduty.com\/de\/wp-json\/wp\/v2\/comments?post=35132"}],"version-history":[{"count":1,"href":"https:\/\/www.beeduty.com\/de\/wp-json\/wp\/v2\/pages\/35132\/revisions"}],"predecessor-version":[{"id":35137,"href":"https:\/\/www.beeduty.com\/de\/wp-json\/wp\/v2\/pages\/35132\/revisions\/35137"}],"wp:attachment":[{"href":"https:\/\/www.beeduty.com\/de\/wp-json\/wp\/v2\/media?parent=35132"}],"curies":[{"name":"wp","href":"https:\/\/api.w.org\/{rel}","templated":true}]}}